{"id":95,"date":"2020-08-04T12:44:36","date_gmt":"2020-08-04T12:44:36","guid":{"rendered":"http:\/\/longsword-longleg.de\/?page_id=95"},"modified":"2020-09-03T15:21:20","modified_gmt":"2020-09-03T15:21:20","slug":"pricing","status":"publish","type":"page","link":"https:\/\/longsword-longleg.de\/en\/pricing","title":{"rendered":"Pricing"},"content":{"rendered":"<p><span style=\"color: #993300;\"><strong><span style=\"font-family: verdana, geneva, sans-serif; font-size: 18pt;\">Preise und Lieferbedingungen<\/span><\/strong><\/span><\/p>\n<p><span style=\"font-family: verdana, geneva, sans-serif;\">Meine Schwerter und Messer sind Einzelst\u00fccke, Unikate, die \u00fcberwiegend in Handarbeit hergestellt<\/span>&nbsp;<span style=\"font-family: verdana, geneva, sans-serif;\">werden.<\/span><br \/>\n<span style=\"font-family: verdana, geneva, sans-serif;\">Die Preise orientieren sich an den ausgesuchten Materialien, der H\u00f6he der Verschlei\u00dfwerkzeugkosten<\/span><br \/>\n<span style=\"font-family: verdana, geneva, sans-serif;\">und nat\u00fcrlich auch wesentlich am erforderlichen pers\u00f6nlichen Arbeitseinsatz.<\/span><br \/>\n<span style=\"font-family: verdana, geneva, sans-serif;\">F\u00fcr Schwerter steht etwa ein Preis von 2.000\u20ac &#8211; 3.000\u20ac an.<\/span><br \/>\n<span style=\"font-family: verdana, geneva, sans-serif;\">F\u00fcr Schwertscheiden je nach Aufwand 300\u20ac &#8211; 500\u20ac.<\/span><br \/>\n<span style=\"font-family: verdana, geneva, sans-serif;\">Meine Messer kosten je nach Konstruktion und eingesetztem<br \/>\nMaterial 300\u20ac &#8211; 450\u20ac.<\/span><\/p>\n<p><span style=\"font-family: verdana, geneva, sans-serif;\">Selbstverst\u00e4ndlich sind Schwerter scharfe Waffen und als solche zu behandeln. Auch manche Messer<\/span>&nbsp;<span style=\"font-family: verdana, geneva, sans-serif;\">gelten nach dem Gesetz als Waffe.<\/span>&nbsp;<span style=\"font-family: verdana, geneva, sans-serif;\">Die Gesetzgebung der jeweiligen L\u00e4nder ist zu beachten und einzuhalten.<\/span><br \/>\n<span style=\"font-family: verdana, geneva, sans-serif;\">Keine Abgabe an Personen unter 18Jahren!<\/span><br \/>\n<span style=\"font-family: verdana, geneva, sans-serif;\">In Deutschland gilt das Waffengesetz \u00a742a in der jeweils g\u00fcltigen Ausgabe.<\/span><\/p>\n<p><span style=\"font-family: verdana, geneva, sans-serif;\">Ich liefere aufgrund der Zollbestimmungen ausschlie\u00dflich innerhalb der EU und gegen Vorkasse. Als Kleinunternehmer bin ich gem\u00e4\u00df \u00a727 a des Umsatzsteuergesetz von der Umsatzsteuer befreit.<\/span><\/p>\n<p><span style=\"font-family: verdana, geneva, sans-serif;\">Bei Bestellung wird ein Abschlag von 30% des Endpreises f\u00e4llig, der nicht r\u00fcckzahlbar ist.<\/span><\/p>\n<p><span style=\"font-family: verdana, geneva, sans-serif;\">F\u00fcr alle Aktivit\u00e4ten nach Auslieferung meiner Produkte trage ich keine Verantwortung.<\/span><\/p>\n<p>Email: <a href=\"mailto:info@longsword-longleg.de\">info@longsword-longleg.de<\/a><\/p>\n","protected":false},"excerpt":{"rendered":"<p>Preise und Lieferbedingungen Meine Schwerter und Messer sind Einzelst\u00fccke, Unikate, die \u00fcberwiegend in Handarbeit hergestellt&nbsp;werden. Die Preise orientieren sich an den ausgesuchten Materialien, der H\u00f6he der Verschlei\u00dfwerkzeugkosten und nat\u00fcrlich auch wesentlich am erforderlichen pers\u00f6nlichen Arbeitseinsatz. F\u00fcr Schwerter steht etwa ein <a class=\"more-link\" href=\"https:\/\/longsword-longleg.de\/en\/pricing\">Continue reading <span class=\"screen-reader-text\">  Pricing<\/span><span class=\"meta-nav\">&rarr;<\/span><\/a><\/p>\n","protected":false},"author":1,"featured_media":0,"parent":0,"menu_order":0,"comment_status":"closed","ping_status":"closed","template":"","meta":{"ngg_post_thumbnail":0,"footnotes":"","_links_to":"","_links_to_target":""},"class_list":["post-95","page","type-page","status-publish","hentry"],"translation":{"provider":"WPGlobus","version":"3.0.2","language":"en","enabled_languages":["de","en"],"languages":{"de":{"title":true,"content":true,"excerpt":false},"en":{"title":false,"content":false,"excerpt":false}}},"_links":{"self":[{"href":"https:\/\/longsword-longleg.de\/en\/wp-json\/wp\/v2\/pages\/95","targetHints":{"allow":["GET"]}}],"collection":[{"href":"https:\/\/longsword-longleg.de\/en\/wp-json\/wp\/v2\/pages"}],"about":[{"href":"https:\/\/longsword-longleg.de\/en\/wp-json\/wp\/v2\/types\/page"}],"author":[{"embeddable":true,"href":"https:\/\/longsword-longleg.de\/en\/wp-json\/wp\/v2\/users\/1"}],"replies":[{"embeddable":true,"href":"https:\/\/longsword-longleg.de\/en\/wp-json\/wp\/v2\/comments?post=95"}],"version-history":[{"count":7,"href":"https:\/\/longsword-longleg.de\/en\/wp-json\/wp\/v2\/pages\/95\/revisions"}],"predecessor-version":[{"id":991,"href":"https:\/\/longsword-longleg.de\/en\/wp-json\/wp\/v2\/pages\/95\/revisions\/991"}],"wp:attachment":[{"href":"https:\/\/longsword-longleg.de\/en\/wp-json\/wp\/v2\/media?parent=95"}],"curies":[{"name":"wp","href":"https:\/\/api.w.org\/{rel}","templated":true}]}}