{"id":948,"date":"2020-09-03T14:20:40","date_gmt":"2020-09-03T14:20:40","guid":{"rendered":"http:\/\/longsword-longleg.de\/?page_id=948"},"modified":"2022-04-14T13:17:26","modified_gmt":"2022-04-14T13:17:26","slug":"schwert14b","status":"publish","type":"page","link":"https:\/\/longsword-longleg.de\/en\/schwert14b","title":{"rendered":"Schwert14b"},"content":{"rendered":"<p style=\"text-align: center;\"><strong><a href=\"https:\/\/longsword-longleg.de\/schwert14\">&lt; zur\u00fcck<\/a>&nbsp; &nbsp; &nbsp; &nbsp; &nbsp;<a href=\"https:\/\/longsword-longleg.de\/swords\">\u00dcbersicht<\/a>&nbsp; &nbsp; &nbsp; &nbsp;&nbsp;<a href=\"https:\/\/longsword-longleg.de\/schwert15\">n\u00e4chstes &gt;<\/a><\/strong><\/p>\n<p style=\"text-align: center;\"><span style=\"font-family: verdana, geneva, sans-serif; font-size: 18pt; color: #800000;\"><strong>Kriegsmesser<\/strong><\/span><\/p>\n<table style=\"border-collapse: collapse; width: 100%; height: 71px;\">\n<tbody>\n<tr style=\"height: 96px;\">\n<td style=\"width: 50.33898305084746%; height: 71px;\"><span style=\"font-family: verdana, geneva, sans-serif;\">Wer sich ein bisschen f\u00fcr Geschichte interessiert wei\u00df, da\u00df 2017 das&nbsp;500j\u00e4hrige Jubil\u00e4um der Reformation, also der Kirchenspaltung gefeiert wurde.<\/span><br \/>\n<span style=\"font-family: verdana, geneva, sans-serif;\">Der gespaltene Knauf soll daran erinnern.<\/span><br \/>\n<span style=\"font-family: verdana, geneva, sans-serif;\">Die Unruhen, die dieses Ereignis begleitet haben und sich ja leider bis heute&nbsp;auswirken, waren sicher auch gekennzeichnet durch den t\u00f6dlichen Einsatz dieser effektiven Kriegsmesser.<\/span><br \/>\n<span style=\"font-family: verdana, geneva, sans-serif;\">Wenn auch mehr als 1.000 Jahre \u00e4lter gilt auch hier der Satz eines r\u00f6mischen Feldherrn:<\/span><br \/>\n<span style=\"font-family: verdana, geneva, sans-serif;\">VAE VICTIS (Wehe den Besiegten!)<\/span><\/td>\n<td style=\"width: 49.66101694915254%; height: 71px;\"><strong><span style=\"font-family: verdana, geneva, sans-serif;\">Gesamtl\u00e4nge: 121cm<\/span><\/strong><br \/>\n<strong><span style=\"font-family: verdana, geneva, sans-serif;\">Klingenl\u00e4nge: 90cm<\/span><\/strong><br \/>\n<strong><span style=\"font-family: verdana, geneva, sans-serif;\">Gewicht: 1.698g<\/span><\/strong><br \/>\n<strong><span style=\"font-family: verdana, geneva, sans-serif;\">Griff aus Cocobolo (Hartholz)<\/span><\/strong><\/td>\n<\/tr>\n<\/tbody>\n<\/table>\nngg_shortcode_0_placeholder\n","protected":false},"excerpt":{"rendered":"<p>&lt; zur\u00fcck&nbsp; &nbsp; &nbsp; &nbsp; &nbsp;\u00dcbersicht&nbsp; &nbsp; &nbsp; &nbsp;&nbsp;n\u00e4chstes &gt; Kriegsmesser Wer sich ein bisschen f\u00fcr Geschichte interessiert wei\u00df, da\u00df 2017 das&nbsp;500j\u00e4hrige Jubil\u00e4um der Reformation, also der Kirchenspaltung gefeiert wurde. Der gespaltene Knauf soll daran erinnern. Die Unruhen, die dieses <a class=\"more-link\" href=\"https:\/\/longsword-longleg.de\/en\/schwert14b\">Continue reading <span class=\"screen-reader-text\">  Schwert14b<\/span><span class=\"meta-nav\">&rarr;<\/span><\/a><\/p>\n","protected":false},"author":1,"featured_media":0,"parent":0,"menu_order":0,"comment_status":"closed","ping_status":"closed","template":"","meta":{"ngg_post_thumbnail":0,"footnotes":"","_links_to":"","_links_to_target":""},"class_list":["post-948","page","type-page","status-publish","hentry"],"translation":{"provider":"WPGlobus","version":"3.0.2","language":"en","enabled_languages":["de","en"],"languages":{"de":{"title":true,"content":true,"excerpt":false},"en":{"title":false,"content":false,"excerpt":false}}},"_links":{"self":[{"href":"https:\/\/longsword-longleg.de\/en\/wp-json\/wp\/v2\/pages\/948","targetHints":{"allow":["GET"]}}],"collection":[{"href":"https:\/\/longsword-longleg.de\/en\/wp-json\/wp\/v2\/pages"}],"about":[{"href":"https:\/\/longsword-longleg.de\/en\/wp-json\/wp\/v2\/types\/page"}],"author":[{"embeddable":true,"href":"https:\/\/longsword-longleg.de\/en\/wp-json\/wp\/v2\/users\/1"}],"replies":[{"embeddable":true,"href":"https:\/\/longsword-longleg.de\/en\/wp-json\/wp\/v2\/comments?post=948"}],"version-history":[{"count":5,"href":"https:\/\/longsword-longleg.de\/en\/wp-json\/wp\/v2\/pages\/948\/revisions"}],"predecessor-version":[{"id":1038,"href":"https:\/\/longsword-longleg.de\/en\/wp-json\/wp\/v2\/pages\/948\/revisions\/1038"}],"wp:attachment":[{"href":"https:\/\/longsword-longleg.de\/en\/wp-json\/wp\/v2\/media?parent=948"}],"curies":[{"name":"wp","href":"https:\/\/api.w.org\/{rel}","templated":true}]}}