{"id":345,"date":"2020-08-22T10:27:07","date_gmt":"2020-08-22T10:27:07","guid":{"rendered":"http:\/\/longsword-longleg.de\/?page_id=345"},"modified":"2022-04-15T12:12:04","modified_gmt":"2022-04-15T12:12:04","slug":"schwert21","status":"publish","type":"page","link":"https:\/\/longsword-longleg.de\/en\/schwert21","title":{"rendered":"Schwert21"},"content":{"rendered":"<p style=\"text-align: center;\"><strong><a href=\"https:\/\/longsword-longleg.de\/schwert20\">&lt; zur\u00fcck<\/a>&nbsp; &nbsp; &nbsp; &nbsp; &nbsp;<a href=\"https:\/\/longsword-longleg.de\/swords\">\u00dcbersicht<\/a>&nbsp; &nbsp; &nbsp; &nbsp;&nbsp;<a href=\"https:\/\/longsword-longleg.de\/schwert22\">n\u00e4chstes &gt;<\/a><\/strong><\/p>\n<p style=\"text-align: center;\"><span style=\"font-family: verdana, geneva, sans-serif; font-size: 18pt; color: #800000;\"><strong>Passion<\/strong><\/span><\/p>\n<table style=\"border-collapse: collapse; width: 100%; height: 71px;\">\n<tbody>\n<tr style=\"height: 96px;\">\n<td style=\"width: 50.33898305084746%; height: 71px;\"><span style=\"font-family: verdana, geneva, sans-serif;\">Der Name des Schwertes ist abgeleitet vom Knauf.<\/span><br \/>\n<span style=\"font-family: verdana, geneva, sans-serif;\">So wie die Rose f\u00fcr die Liebe steht, symbolisiert die Tulpe die Leidenschaft.<\/span><br \/>\n<span style=\"font-family: verdana, geneva, sans-serif;\">Sehr gerne einh\u00e4ndig gef\u00fchrt zum Tanz mit der Waffe\u2026\u2026<\/span><\/td>\n<td style=\"width: 49.66101694915254%; height: 71px;\"><strong><span style=\"font-family: verdana, geneva, sans-serif;\">Gesamtl\u00e4nge: 121cm<\/span><\/strong><br \/>\n<strong><span style=\"font-family: verdana, geneva, sans-serif;\">Klingenl\u00e4nge. 91cm<\/span><\/strong><br \/>\n<strong><span style=\"font-family: verdana, geneva, sans-serif;\">Breite: 3,5cm<\/span><\/strong><br \/>\n<strong><span style=\"font-family: verdana, geneva, sans-serif;\">Gewicht: 1.255g<\/span><\/strong><\/td>\n<\/tr>\n<\/tbody>\n<\/table>\nngg_shortcode_0_placeholder\n","protected":false},"excerpt":{"rendered":"<p>&lt; zur\u00fcck&nbsp; &nbsp; &nbsp; &nbsp; &nbsp;\u00dcbersicht&nbsp; &nbsp; &nbsp; &nbsp;&nbsp;n\u00e4chstes &gt; Passion Der Name des Schwertes ist abgeleitet vom Knauf. So wie die Rose f\u00fcr die Liebe steht, symbolisiert die Tulpe die Leidenschaft. Sehr gerne einh\u00e4ndig gef\u00fchrt zum Tanz mit der <a class=\"more-link\" href=\"https:\/\/longsword-longleg.de\/en\/schwert21\">Continue reading <span class=\"screen-reader-text\">  Schwert21<\/span><span class=\"meta-nav\">&rarr;<\/span><\/a><\/p>\n","protected":false},"author":1,"featured_media":0,"parent":0,"menu_order":0,"comment_status":"closed","ping_status":"closed","template":"","meta":{"ngg_post_thumbnail":0,"footnotes":"","_links_to":"","_links_to_target":""},"class_list":["post-345","page","type-page","status-publish","hentry"],"translation":{"provider":"WPGlobus","version":"3.0.2","language":"en","enabled_languages":["de","en"],"languages":{"de":{"title":true,"content":true,"excerpt":false},"en":{"title":false,"content":false,"excerpt":false}}},"_links":{"self":[{"href":"https:\/\/longsword-longleg.de\/en\/wp-json\/wp\/v2\/pages\/345","targetHints":{"allow":["GET"]}}],"collection":[{"href":"https:\/\/longsword-longleg.de\/en\/wp-json\/wp\/v2\/pages"}],"about":[{"href":"https:\/\/longsword-longleg.de\/en\/wp-json\/wp\/v2\/types\/page"}],"author":[{"embeddable":true,"href":"https:\/\/longsword-longleg.de\/en\/wp-json\/wp\/v2\/users\/1"}],"replies":[{"embeddable":true,"href":"https:\/\/longsword-longleg.de\/en\/wp-json\/wp\/v2\/comments?post=345"}],"version-history":[{"count":7,"href":"https:\/\/longsword-longleg.de\/en\/wp-json\/wp\/v2\/pages\/345\/revisions"}],"predecessor-version":[{"id":1080,"href":"https:\/\/longsword-longleg.de\/en\/wp-json\/wp\/v2\/pages\/345\/revisions\/1080"}],"wp:attachment":[{"href":"https:\/\/longsword-longleg.de\/en\/wp-json\/wp\/v2\/media?parent=345"}],"curies":[{"name":"wp","href":"https:\/\/api.w.org\/{rel}","templated":true}]}}