{"id":337,"date":"2020-08-22T10:13:15","date_gmt":"2020-08-22T10:13:15","guid":{"rendered":"http:\/\/longsword-longleg.de\/?page_id=337"},"modified":"2020-09-02T11:28:39","modified_gmt":"2020-09-02T11:28:39","slug":"schwert17","status":"publish","type":"page","link":"https:\/\/longsword-longleg.de\/en\/schwert17","title":{"rendered":"Schwert17"},"content":{"rendered":"<p style=\"text-align: center;\"><strong><a href=\"https:\/\/longsword-longleg.de\/schwert16\">&lt; zur\u00fcck<\/a>&nbsp; &nbsp; &nbsp; &nbsp; &nbsp;<a href=\"https:\/\/longsword-longleg.de\/swords\">\u00dcbersicht<\/a>&nbsp; &nbsp; &nbsp; &nbsp;&nbsp;<a href=\"https:\/\/longsword-longleg.de\/schwert18\">n\u00e4chstes &gt;<\/a><\/strong><\/p>\n<p style=\"text-align: center;\"><span style=\"font-family: verdana, geneva, sans-serif; font-size: 18pt; color: #800000;\"><strong>Filmschwert<\/strong><\/span><\/p>\n<table style=\"border-collapse: collapse; width: 100%; height: 71px;\">\n<tbody>\n<tr style=\"height: 96px;\">\n<td style=\"width: 50.33898305084746%; height: 71px;\"><span style=\"font-family: verdana, geneva, sans-serif;\">F\u00fcr eine keltische Klingenform viel zu lang,&nbsp;aber das Vorbild &#8211; <em>Glamdring<\/em> &#8211; aus <em>Herr der Ringe<\/em>&nbsp;hat seinen Besitzer stolz und m\u00e4chtig gemacht.<\/span><br \/>\n<span style=\"font-family: verdana, geneva, sans-serif;\">Der lateinische Spruch &#8211; <em>nulla de virtutibus tuis major clementia est<\/em> &#8211;&nbsp;mit der \u00dcbersetzung &#8211; keine deiner Tugenden ist wichtiger als die Gnade &#8211;&nbsp;war mir f\u00fcr diese Klinge besonders wichtig und passend!<\/span><br \/>\n<span style=\"font-family: verdana, geneva, sans-serif;\">Die Herausforderung bei dieser Klingenform ist es, die richtige Gewichtsverteilung und Balance&nbsp;zu finden. <\/span><br \/>\n<span style=\"font-family: verdana, geneva, sans-serif;\">Schwerer Ort &#8211; schwerer Knauf.<\/span><\/td>\n<td style=\"width: 49.66101694915254%; height: 71px;\"><span style=\"font-family: verdana, geneva, sans-serif;\"><strong>Gesamtl\u00e4nge: 117cm<\/strong><\/span><br \/>\n<span style=\"font-family: verdana, geneva, sans-serif;\"><strong>Klingenl\u00e4nge: 90cm<\/strong><\/span><br \/>\n<span style=\"font-family: verdana, geneva, sans-serif;\"><strong>Gewicht: 1.705g<\/strong><\/span><\/td>\n<\/tr>\n<\/tbody>\n<\/table>\nngg_shortcode_0_placeholder\n","protected":false},"excerpt":{"rendered":"<p>&lt; zur\u00fcck&nbsp; &nbsp; &nbsp; &nbsp; &nbsp;\u00dcbersicht&nbsp; &nbsp; &nbsp; &nbsp;&nbsp;n\u00e4chstes &gt; Filmschwert F\u00fcr eine keltische Klingenform viel zu lang,&nbsp;aber das Vorbild &#8211; Glamdring &#8211; aus Herr der Ringe&nbsp;hat seinen Besitzer stolz und m\u00e4chtig gemacht. Der lateinische Spruch &#8211; nulla de virtutibus <a class=\"more-link\" href=\"https:\/\/longsword-longleg.de\/en\/schwert17\">Continue reading <span class=\"screen-reader-text\">  Schwert17<\/span><span class=\"meta-nav\">&rarr;<\/span><\/a><\/p>\n","protected":false},"author":1,"featured_media":0,"parent":0,"menu_order":0,"comment_status":"closed","ping_status":"closed","template":"","meta":{"ngg_post_thumbnail":0,"footnotes":"","_links_to":"","_links_to_target":""},"class_list":["post-337","page","type-page","status-publish","hentry"],"translation":{"provider":"WPGlobus","version":"3.0.2","language":"en","enabled_languages":["de","en"],"languages":{"de":{"title":true,"content":true,"excerpt":false},"en":{"title":false,"content":false,"excerpt":false}}},"_links":{"self":[{"href":"https:\/\/longsword-longleg.de\/en\/wp-json\/wp\/v2\/pages\/337","targetHints":{"allow":["GET"]}}],"collection":[{"href":"https:\/\/longsword-longleg.de\/en\/wp-json\/wp\/v2\/pages"}],"about":[{"href":"https:\/\/longsword-longleg.de\/en\/wp-json\/wp\/v2\/types\/page"}],"author":[{"embeddable":true,"href":"https:\/\/longsword-longleg.de\/en\/wp-json\/wp\/v2\/users\/1"}],"replies":[{"embeddable":true,"href":"https:\/\/longsword-longleg.de\/en\/wp-json\/wp\/v2\/comments?post=337"}],"version-history":[{"count":13,"href":"https:\/\/longsword-longleg.de\/en\/wp-json\/wp\/v2\/pages\/337\/revisions"}],"predecessor-version":[{"id":932,"href":"https:\/\/longsword-longleg.de\/en\/wp-json\/wp\/v2\/pages\/337\/revisions\/932"}],"wp:attachment":[{"href":"https:\/\/longsword-longleg.de\/en\/wp-json\/wp\/v2\/media?parent=337"}],"curies":[{"name":"wp","href":"https:\/\/api.w.org\/{rel}","templated":true}]}}