{"id":335,"date":"2020-08-22T09:21:04","date_gmt":"2020-08-22T09:21:04","guid":{"rendered":"http:\/\/longsword-longleg.de\/?page_id=335"},"modified":"2020-09-02T11:24:52","modified_gmt":"2020-09-02T11:24:52","slug":"schwert16","status":"publish","type":"page","link":"https:\/\/longsword-longleg.de\/en\/schwert16","title":{"rendered":"Schwert16"},"content":{"rendered":"<p style=\"text-align: center;\"><strong><a href=\"https:\/\/longsword-longleg.de\/schwert15\">&lt; zur\u00fcck<\/a>&nbsp; &nbsp; &nbsp; &nbsp; &nbsp;<a href=\"https:\/\/longsword-longleg.de\/swords\">\u00dcbersicht<\/a>&nbsp; &nbsp; &nbsp; &nbsp;&nbsp;<a href=\"https:\/\/longsword-longleg.de\/schwert17\">n\u00e4chstes &gt;<\/a><\/strong><\/p>\n<p style=\"text-align: center;\"><span style=\"font-family: verdana, geneva, sans-serif; font-size: 18pt; color: #800000;\"><strong>Reichsschwert<\/strong><\/span><\/p>\n<table style=\"border-collapse: collapse; width: 100%; height: 71px;\">\n<tbody>\n<tr style=\"height: 96px;\">\n<td style=\"width: 50.33898305084746%; height: 71px;\"><span style=\"font-family: verdana, geneva, sans-serif;\">Zur Legitimation ihres Machtanspruches mu\u00dften die Kaiser des Mittelalters neben vielen anderen Dingen auch die sogenannten Reichsinsignien &#8211; Krone, Zepter, Reichsapfel und nat\u00fcrlich auch das Reichsschwert &#8211; in ihren Besitz bringen und halten k\u00f6nnen.<\/span><br \/>\n<span style=\"font-family: verdana, geneva, sans-serif;\">Diese besonderen Utensilien wurden deshalb verwahrt wie ein gro\u00dfer Schatz, wie z.B.&nbsp;auf der Reichsburg Trifels im Pf\u00e4lzerwald.<\/span><br \/>\n<span style=\"font-family: verdana, geneva, sans-serif;\">In seinen Abmessungen entspricht dieses Schwert de<\/span>n Abmessungen des Reichsschwerts.<\/td>\n<td style=\"width: 49.66101694915254%; height: 71px;\">&nbsp;<\/td>\n<\/tr>\n<\/tbody>\n<\/table>\nngg_shortcode_0_placeholder\n","protected":false},"excerpt":{"rendered":"<p>&lt; zur\u00fcck&nbsp; &nbsp; &nbsp; &nbsp; &nbsp;\u00dcbersicht&nbsp; &nbsp; &nbsp; &nbsp;&nbsp;n\u00e4chstes &gt; Reichsschwert Zur Legitimation ihres Machtanspruches mu\u00dften die Kaiser des Mittelalters neben vielen anderen Dingen auch die sogenannten Reichsinsignien &#8211; Krone, Zepter, Reichsapfel und nat\u00fcrlich auch das Reichsschwert &#8211; in ihren <a class=\"more-link\" href=\"https:\/\/longsword-longleg.de\/en\/schwert16\">Continue reading <span class=\"screen-reader-text\">  Schwert16<\/span><span class=\"meta-nav\">&rarr;<\/span><\/a><\/p>\n","protected":false},"author":1,"featured_media":0,"parent":0,"menu_order":0,"comment_status":"closed","ping_status":"closed","template":"","meta":{"ngg_post_thumbnail":0,"footnotes":"","_links_to":"","_links_to_target":""},"class_list":["post-335","page","type-page","status-publish","hentry"],"translation":{"provider":"WPGlobus","version":"3.0.2","language":"en","enabled_languages":["de","en"],"languages":{"de":{"title":true,"content":true,"excerpt":false},"en":{"title":false,"content":false,"excerpt":false}}},"_links":{"self":[{"href":"https:\/\/longsword-longleg.de\/en\/wp-json\/wp\/v2\/pages\/335","targetHints":{"allow":["GET"]}}],"collection":[{"href":"https:\/\/longsword-longleg.de\/en\/wp-json\/wp\/v2\/pages"}],"about":[{"href":"https:\/\/longsword-longleg.de\/en\/wp-json\/wp\/v2\/types\/page"}],"author":[{"embeddable":true,"href":"https:\/\/longsword-longleg.de\/en\/wp-json\/wp\/v2\/users\/1"}],"replies":[{"embeddable":true,"href":"https:\/\/longsword-longleg.de\/en\/wp-json\/wp\/v2\/comments?post=335"}],"version-history":[{"count":14,"href":"https:\/\/longsword-longleg.de\/en\/wp-json\/wp\/v2\/pages\/335\/revisions"}],"predecessor-version":[{"id":930,"href":"https:\/\/longsword-longleg.de\/en\/wp-json\/wp\/v2\/pages\/335\/revisions\/930"}],"wp:attachment":[{"href":"https:\/\/longsword-longleg.de\/en\/wp-json\/wp\/v2\/media?parent=335"}],"curies":[{"name":"wp","href":"https:\/\/api.w.org\/{rel}","templated":true}]}}