{"id":331,"date":"2020-08-22T09:20:42","date_gmt":"2020-08-22T09:20:42","guid":{"rendered":"http:\/\/longsword-longleg.de\/?page_id=331"},"modified":"2020-09-03T14:28:35","modified_gmt":"2020-09-03T14:28:35","slug":"schwert14","status":"publish","type":"page","link":"https:\/\/longsword-longleg.de\/en\/schwert14","title":{"rendered":"Schwert14"},"content":{"rendered":"<p style=\"text-align: center;\"><strong><a href=\"https:\/\/longsword-longleg.de\/schwert13\">&lt; zur\u00fcck<\/a>&nbsp; &nbsp; &nbsp; &nbsp; &nbsp;<a href=\"https:\/\/longsword-longleg.de\/swords\">\u00dcbersicht<\/a>&nbsp; &nbsp; &nbsp; &nbsp;&nbsp;<a href=\"https:\/\/longsword-longleg.de\/schwert14b\">n\u00e4chstes &gt;<\/a><\/strong><\/p>\n<p style=\"text-align: center;\"><span style=\"font-family: verdana, geneva, sans-serif; font-size: 18pt; color: #800000;\"><strong>Galanteriedegen<\/strong><\/span><\/p>\n<table style=\"border-collapse: collapse; width: 100%; height: 71px;\">\n<tbody>\n<tr style=\"height: 96px;\">\n<td style=\"width: 50.33898305084746%; height: 71px;\"><span style=\"font-family: verdana, geneva, sans-serif;\">Diese Klinge ist mehr ein Bestandteil der damaligen<\/span>&nbsp;<span style=\"font-family: verdana, geneva, sans-serif;\">Bekleidungsmode, aber auch hier gilt Regel Nr 1.:<\/span><br \/>\n<span style=\"font-family: verdana, geneva, sans-serif;\">Durchbohr sie mit der Spitze.<\/span><\/td>\n<td style=\"width: 49.66101694915254%; height: 71px;\"><strong><span style=\"font-family: verdana, geneva, sans-serif;\">Gesamtl\u00e4nge: 95cm<\/span><\/strong><br \/>\n<strong><span style=\"font-family: verdana, geneva, sans-serif;\">Klingenl\u00e4nge: 70cm<\/span><\/strong><br \/>\n<strong><span style=\"font-family: verdana, geneva, sans-serif;\">Gewicht: 687g<\/span><\/strong><\/td>\n<\/tr>\n<\/tbody>\n<\/table>\nngg_shortcode_0_placeholder\n","protected":false},"excerpt":{"rendered":"<p>&lt; zur\u00fcck&nbsp; &nbsp; &nbsp; &nbsp; &nbsp;\u00dcbersicht&nbsp; &nbsp; &nbsp; &nbsp;&nbsp;n\u00e4chstes &gt; Galanteriedegen Diese Klinge ist mehr ein Bestandteil der damaligen&nbsp;Bekleidungsmode, aber auch hier gilt Regel Nr 1.: Durchbohr sie mit der Spitze. Gesamtl\u00e4nge: 95cm Klingenl\u00e4nge: 70cm Gewicht: 687g<\/p>\n","protected":false},"author":1,"featured_media":0,"parent":0,"menu_order":0,"comment_status":"closed","ping_status":"closed","template":"","meta":{"ngg_post_thumbnail":0,"footnotes":"","_links_to":"","_links_to_target":""},"class_list":["post-331","page","type-page","status-publish","hentry"],"translation":{"provider":"WPGlobus","version":"3.0.2","language":"en","enabled_languages":["de","en"],"languages":{"de":{"title":true,"content":true,"excerpt":false},"en":{"title":false,"content":false,"excerpt":false}}},"_links":{"self":[{"href":"https:\/\/longsword-longleg.de\/en\/wp-json\/wp\/v2\/pages\/331","targetHints":{"allow":["GET"]}}],"collection":[{"href":"https:\/\/longsword-longleg.de\/en\/wp-json\/wp\/v2\/pages"}],"about":[{"href":"https:\/\/longsword-longleg.de\/en\/wp-json\/wp\/v2\/types\/page"}],"author":[{"embeddable":true,"href":"https:\/\/longsword-longleg.de\/en\/wp-json\/wp\/v2\/users\/1"}],"replies":[{"embeddable":true,"href":"https:\/\/longsword-longleg.de\/en\/wp-json\/wp\/v2\/comments?post=331"}],"version-history":[{"count":9,"href":"https:\/\/longsword-longleg.de\/en\/wp-json\/wp\/v2\/pages\/331\/revisions"}],"predecessor-version":[{"id":951,"href":"https:\/\/longsword-longleg.de\/en\/wp-json\/wp\/v2\/pages\/331\/revisions\/951"}],"wp:attachment":[{"href":"https:\/\/longsword-longleg.de\/en\/wp-json\/wp\/v2\/media?parent=331"}],"curies":[{"name":"wp","href":"https:\/\/api.w.org\/{rel}","templated":true}]}}