{"id":327,"date":"2020-08-22T09:20:27","date_gmt":"2020-08-22T09:20:27","guid":{"rendered":"http:\/\/longsword-longleg.de\/?page_id=327"},"modified":"2020-09-02T11:14:33","modified_gmt":"2020-09-02T11:14:33","slug":"schwert12","status":"publish","type":"page","link":"https:\/\/longsword-longleg.de\/en\/schwert12","title":{"rendered":"Schwert12"},"content":{"rendered":"<p style=\"text-align: center;\"><strong><a href=\"https:\/\/longsword-longleg.de\/schwert11\">&lt; zur\u00fcck<\/a>&nbsp; &nbsp; &nbsp; &nbsp; &nbsp;<a href=\"https:\/\/longsword-longleg.de\/swords\">\u00dcbersicht<\/a>&nbsp; &nbsp; &nbsp; &nbsp;&nbsp;<a href=\"https:\/\/longsword-longleg.de\/schwert13\">n\u00e4chstes &gt;<\/a><\/strong><\/p>\n<p style=\"text-align: center;\"><span style=\"font-family: verdana, geneva, sans-serif; font-size: 18pt; color: #800000;\"><strong>Achille Marozzo<\/strong><\/span><\/p>\n<table style=\"border-collapse: collapse; width: 100%; height: 71px;\">\n<tbody>\n<tr style=\"height: 96px;\">\n<td style=\"width: 50.33898305084746%; height: 71px;\"><span style=\"font-family: verdana, geneva, sans-serif;\">Dieses Schwert hat eine Typ XIX-Klinge mit Ricasso , sechseckiger Querschnitt mit einer doppelten Hohlkehle.<\/span><br \/>\n<span style=\"font-family: verdana, geneva, sans-serif;\">Parierstange mit Fingerb\u00fcgeln und einem Knauf mit 7-Stern aus einem Bronzeguss, den&nbsp;mir ein befreundeter Goldschmied angefertigt hat.<\/span><\/td>\n<td style=\"width: 49.66101694915254%; height: 71px;\">&nbsp;<\/td>\n<\/tr>\n<\/tbody>\n<\/table>\nngg_shortcode_0_placeholder\n","protected":false},"excerpt":{"rendered":"<p>&lt; zur\u00fcck&nbsp; &nbsp; &nbsp; &nbsp; &nbsp;\u00dcbersicht&nbsp; &nbsp; &nbsp; &nbsp;&nbsp;n\u00e4chstes &gt; Achille Marozzo Dieses Schwert hat eine Typ XIX-Klinge mit Ricasso , sechseckiger Querschnitt mit einer doppelten Hohlkehle. Parierstange mit Fingerb\u00fcgeln und einem Knauf mit 7-Stern aus einem Bronzeguss, den&nbsp;mir ein <a class=\"more-link\" href=\"https:\/\/longsword-longleg.de\/en\/schwert12\">Continue reading <span class=\"screen-reader-text\">  Schwert12<\/span><span class=\"meta-nav\">&rarr;<\/span><\/a><\/p>\n","protected":false},"author":1,"featured_media":0,"parent":0,"menu_order":0,"comment_status":"closed","ping_status":"closed","template":"","meta":{"ngg_post_thumbnail":0,"footnotes":"","_links_to":"","_links_to_target":""},"class_list":["post-327","page","type-page","status-publish","hentry"],"translation":{"provider":"WPGlobus","version":"3.0.2","language":"en","enabled_languages":["de","en"],"languages":{"de":{"title":true,"content":true,"excerpt":false},"en":{"title":false,"content":false,"excerpt":false}}},"_links":{"self":[{"href":"https:\/\/longsword-longleg.de\/en\/wp-json\/wp\/v2\/pages\/327","targetHints":{"allow":["GET"]}}],"collection":[{"href":"https:\/\/longsword-longleg.de\/en\/wp-json\/wp\/v2\/pages"}],"about":[{"href":"https:\/\/longsword-longleg.de\/en\/wp-json\/wp\/v2\/types\/page"}],"author":[{"embeddable":true,"href":"https:\/\/longsword-longleg.de\/en\/wp-json\/wp\/v2\/users\/1"}],"replies":[{"embeddable":true,"href":"https:\/\/longsword-longleg.de\/en\/wp-json\/wp\/v2\/comments?post=327"}],"version-history":[{"count":6,"href":"https:\/\/longsword-longleg.de\/en\/wp-json\/wp\/v2\/pages\/327\/revisions"}],"predecessor-version":[{"id":923,"href":"https:\/\/longsword-longleg.de\/en\/wp-json\/wp\/v2\/pages\/327\/revisions\/923"}],"wp:attachment":[{"href":"https:\/\/longsword-longleg.de\/en\/wp-json\/wp\/v2\/media?parent=327"}],"curies":[{"name":"wp","href":"https:\/\/api.w.org\/{rel}","templated":true}]}}