{"id":325,"date":"2020-08-22T09:20:14","date_gmt":"2020-08-22T09:20:14","guid":{"rendered":"http:\/\/longsword-longleg.de\/?page_id=325"},"modified":"2020-09-02T11:01:48","modified_gmt":"2020-09-02T11:01:48","slug":"schwert11","status":"publish","type":"page","link":"https:\/\/longsword-longleg.de\/en\/schwert11","title":{"rendered":"Schwert11"},"content":{"rendered":"<p style=\"text-align: center;\"><strong><a href=\"https:\/\/longsword-longleg.de\/schwert10\">&lt; zur\u00fcck<\/a>&nbsp; &nbsp; &nbsp; &nbsp; &nbsp;<a href=\"https:\/\/longsword-longleg.de\/swords\">\u00dcbersicht<\/a>&nbsp; &nbsp; &nbsp; &nbsp;&nbsp;<a href=\"https:\/\/longsword-longleg.de\/schwert12\">n\u00e4chstes &gt;<\/a><\/strong><\/p>\n<p style=\"text-align: center;\"><span style=\"font-family: verdana, geneva, sans-serif; font-size: 18pt; color: #800000;\"><strong>Rapier<\/strong><\/span><\/p>\n<table style=\"border-collapse: collapse; width: 100%; height: 71px;\">\n<tbody>\n<tr style=\"height: 96px;\">\n<td style=\"width: 50.33898305084746%; height: 71px;\"><span style=\"font-family: verdana, geneva, sans-serif;\">ESPADERO DEL REI durfte sich der bekannte Schwertschied Juan Martinez im spanischen Toledo&nbsp;nennen. Um 1600 hat er diese sch\u00f6ne Rapierklinge hergestellt.<\/span><br \/>\n<span style=\"font-family: verdana, geneva, sans-serif;\">Das Original ist in der Veste Coburg zu bestaunen.<\/span><br \/>\n<span style=\"font-family: verdana, geneva, sans-serif;\">Anfertigung von Terzringen und Quartspangen war sehr lehrreich f\u00fcr mich und die Arbeit wird gekr\u00f6nt durch die feine Ausarbeitung der Stichbl\u00e4tter.<\/span><\/td>\n<td style=\"width: 49.66101694915254%; height: 71px;\"><strong><span style=\"font-family: verdana, geneva, sans-serif;\">Gesamtl\u00e4nge: 128cm<\/span><\/strong><br \/>\n<strong><span style=\"font-family: verdana, geneva, sans-serif;\">Gewicht: 1.480g<\/span><\/strong><\/td>\n<\/tr>\n<\/tbody>\n<\/table>\nngg_shortcode_0_placeholder\n","protected":false},"excerpt":{"rendered":"<p>&lt; zur\u00fcck&nbsp; &nbsp; &nbsp; &nbsp; &nbsp;\u00dcbersicht&nbsp; &nbsp; &nbsp; &nbsp;&nbsp;n\u00e4chstes &gt; Rapier ESPADERO DEL REI durfte sich der bekannte Schwertschied Juan Martinez im spanischen Toledo&nbsp;nennen. Um 1600 hat er diese sch\u00f6ne Rapierklinge hergestellt. Das Original ist in der Veste Coburg zu <a class=\"more-link\" href=\"https:\/\/longsword-longleg.de\/en\/schwert11\">Continue reading <span class=\"screen-reader-text\">  Schwert11<\/span><span class=\"meta-nav\">&rarr;<\/span><\/a><\/p>\n","protected":false},"author":1,"featured_media":0,"parent":0,"menu_order":0,"comment_status":"closed","ping_status":"closed","template":"","meta":{"ngg_post_thumbnail":0,"footnotes":"","_links_to":"","_links_to_target":""},"class_list":["post-325","page","type-page","status-publish","hentry"],"translation":{"provider":"WPGlobus","version":"3.0.2","language":"en","enabled_languages":["de","en"],"languages":{"de":{"title":true,"content":true,"excerpt":false},"en":{"title":false,"content":false,"excerpt":false}}},"_links":{"self":[{"href":"https:\/\/longsword-longleg.de\/en\/wp-json\/wp\/v2\/pages\/325","targetHints":{"allow":["GET"]}}],"collection":[{"href":"https:\/\/longsword-longleg.de\/en\/wp-json\/wp\/v2\/pages"}],"about":[{"href":"https:\/\/longsword-longleg.de\/en\/wp-json\/wp\/v2\/types\/page"}],"author":[{"embeddable":true,"href":"https:\/\/longsword-longleg.de\/en\/wp-json\/wp\/v2\/users\/1"}],"replies":[{"embeddable":true,"href":"https:\/\/longsword-longleg.de\/en\/wp-json\/wp\/v2\/comments?post=325"}],"version-history":[{"count":7,"href":"https:\/\/longsword-longleg.de\/en\/wp-json\/wp\/v2\/pages\/325\/revisions"}],"predecessor-version":[{"id":922,"href":"https:\/\/longsword-longleg.de\/en\/wp-json\/wp\/v2\/pages\/325\/revisions\/922"}],"wp:attachment":[{"href":"https:\/\/longsword-longleg.de\/en\/wp-json\/wp\/v2\/media?parent=325"}],"curies":[{"name":"wp","href":"https:\/\/api.w.org\/{rel}","templated":true}]}}