{"id":323,"date":"2020-08-22T09:20:08","date_gmt":"2020-08-22T09:20:08","guid":{"rendered":"http:\/\/longsword-longleg.de\/?page_id=323"},"modified":"2020-09-03T14:57:41","modified_gmt":"2020-09-03T14:57:41","slug":"schwert10","status":"publish","type":"page","link":"https:\/\/longsword-longleg.de\/en\/schwert10","title":{"rendered":"Schwert10"},"content":{"rendered":"<p style=\"text-align: center;\"><strong><a href=\"https:\/\/longsword-longleg.de\/schwert9\">&lt; zur\u00fcck<\/a>&nbsp; &nbsp; &nbsp; &nbsp; &nbsp;<a href=\"https:\/\/longsword-longleg.de\/swords\">\u00dcbersicht<\/a>&nbsp; &nbsp; &nbsp; &nbsp;&nbsp;<a href=\"https:\/\/longsword-longleg.de\/schwert11\">n\u00e4chstes &gt;<\/a><\/strong><\/p>\n<p style=\"text-align: center;\"><span style=\"font-family: verdana, geneva, sans-serif; font-size: 18pt; color: #800000;\"><strong>Smallsword<\/strong><\/span><\/p>\n<table style=\"border-collapse: collapse; width: 100%; height: 71px;\">\n<tbody>\n<tr style=\"height: 96px;\">\n<td style=\"width: 50.33898305084746%; height: 71px;\"><span style=\"font-family: verdana, geneva, sans-serif;\">Auf der Veste Coburg stehen diese sch\u00f6nen Originale in Reih und Glied.&nbsp;Im Netz ist zu sehen, da\u00df sich schon andere mit der Rekonstruktion erfolgreich&nbsp;auseinandergesetzt haben.<\/span><br \/>\n<span style=\"font-family: verdana, geneva, sans-serif;\">Die Originale sind sehr schlicht gehalten.<\/span>&nbsp;<span style=\"font-family: verdana, geneva, sans-serif;\">Ich habe etwas Schn\u00f6rkel hinzugef\u00fcgt, wie z.B. das sch\u00f6nere Stichblatt und die konturierten B\u00fcgel. Ist aber auch gleich 100g schwerer als das Original geworden.<\/span><br \/>\n<span style=\"font-family: verdana, geneva, sans-serif;\">Griffwicklung in versilbertem Kupferdraht.<\/span><\/td>\n<td style=\"width: 49.66101694915254%; height: 71px;\"><strong><span style=\"font-family: verdana, geneva, sans-serif;\">Gewicht: 1.625g<\/span><\/strong><br \/>\n<strong><span style=\"font-family: verdana, geneva, sans-serif;\">Gesamtl\u00e4nge: 108cm<\/span><\/strong><br \/>\n<strong><span style=\"font-family: verdana, geneva, sans-serif;\">Klingenl\u00e4nge: 90cm<\/span><\/strong><\/td>\n<\/tr>\n<\/tbody>\n<\/table>\nngg_shortcode_0_placeholder\n","protected":false},"excerpt":{"rendered":"<p>&lt; zur\u00fcck&nbsp; &nbsp; &nbsp; &nbsp; &nbsp;\u00dcbersicht&nbsp; &nbsp; &nbsp; &nbsp;&nbsp;n\u00e4chstes &gt; Smallsword Auf der Veste Coburg stehen diese sch\u00f6nen Originale in Reih und Glied.&nbsp;Im Netz ist zu sehen, da\u00df sich schon andere mit der Rekonstruktion erfolgreich&nbsp;auseinandergesetzt haben. Die Originale sind sehr <a class=\"more-link\" href=\"https:\/\/longsword-longleg.de\/en\/schwert10\">Continue reading <span class=\"screen-reader-text\">  Schwert10<\/span><span class=\"meta-nav\">&rarr;<\/span><\/a><\/p>\n","protected":false},"author":1,"featured_media":0,"parent":0,"menu_order":0,"comment_status":"closed","ping_status":"closed","template":"","meta":{"ngg_post_thumbnail":0,"footnotes":"","_links_to":"","_links_to_target":""},"class_list":["post-323","page","type-page","status-publish","hentry"],"translation":{"provider":"WPGlobus","version":"3.0.2","language":"en","enabled_languages":["de","en"],"languages":{"de":{"title":true,"content":true,"excerpt":false},"en":{"title":false,"content":false,"excerpt":false}}},"_links":{"self":[{"href":"https:\/\/longsword-longleg.de\/en\/wp-json\/wp\/v2\/pages\/323","targetHints":{"allow":["GET"]}}],"collection":[{"href":"https:\/\/longsword-longleg.de\/en\/wp-json\/wp\/v2\/pages"}],"about":[{"href":"https:\/\/longsword-longleg.de\/en\/wp-json\/wp\/v2\/types\/page"}],"author":[{"embeddable":true,"href":"https:\/\/longsword-longleg.de\/en\/wp-json\/wp\/v2\/users\/1"}],"replies":[{"embeddable":true,"href":"https:\/\/longsword-longleg.de\/en\/wp-json\/wp\/v2\/comments?post=323"}],"version-history":[{"count":11,"href":"https:\/\/longsword-longleg.de\/en\/wp-json\/wp\/v2\/pages\/323\/revisions"}],"predecessor-version":[{"id":978,"href":"https:\/\/longsword-longleg.de\/en\/wp-json\/wp\/v2\/pages\/323\/revisions\/978"}],"wp:attachment":[{"href":"https:\/\/longsword-longleg.de\/en\/wp-json\/wp\/v2\/media?parent=323"}],"curies":[{"name":"wp","href":"https:\/\/api.w.org\/{rel}","templated":true}]}}