{"id":321,"date":"2020-08-22T09:20:00","date_gmt":"2020-08-22T09:20:00","guid":{"rendered":"http:\/\/longsword-longleg.de\/?page_id=321"},"modified":"2020-08-27T13:15:48","modified_gmt":"2020-08-27T13:15:48","slug":"schwert9","status":"publish","type":"page","link":"https:\/\/longsword-longleg.de\/en\/schwert9","title":{"rendered":"Schwert9"},"content":{"rendered":"<p style=\"text-align: center;\"><strong><a href=\"https:\/\/longsword-longleg.de\/schwert8\">&lt; zur\u00fcck<\/a>&nbsp; &nbsp; &nbsp; &nbsp; &nbsp;<a href=\"https:\/\/longsword-longleg.de\/swords\">\u00dcbersicht<\/a>&nbsp; &nbsp; &nbsp; &nbsp;&nbsp;<a href=\"https:\/\/longsword-longleg.de\/schwert10\">n\u00e4chstes &gt;<\/a><\/strong><\/p>\n<p style=\"text-align: center;\"><strong><span style=\"font-family: verdana, geneva, sans-serif; font-size: 18pt; color: #993300;\">Argentum<\/span><\/strong><\/p>\n<table style=\"border-collapse: collapse; width: 100%; height: 71px;\">\n<tbody>\n<tr style=\"height: 96px;\">\n<td style=\"width: 50.33898305084746%; height: 71px;\"><span style=\"font-family: verdana, geneva, sans-serif;\">Gleiche hohlgeschliffene Klinge wie beim Zwilling Aurum aber hier kein&nbsp;Parierb\u00fcgel und kein Fingerb\u00fcgel, aber eine von Hand gefeilte Spirale &nbsp;an der Parierstange. Schwertscheiden mit K\u00e4nguruhleder belegt, nat\u00fcrlich mit Holzkern.<\/span><\/td>\n<td style=\"width: 49.66101694915254%; height: 71px;\"><strong><span style=\"font-family: verdana, geneva, sans-serif;\">Gewicht: 1.320g<\/span><\/strong><br \/>\n<strong><span style=\"font-family: verdana, geneva, sans-serif;\">L\u00e4nge: 118cm<\/span><\/strong><\/td>\n<\/tr>\n<\/tbody>\n<\/table>\nngg_shortcode_0_placeholder\n","protected":false},"excerpt":{"rendered":"<p>&lt; zur\u00fcck&nbsp; &nbsp; &nbsp; &nbsp; &nbsp;\u00dcbersicht&nbsp; &nbsp; &nbsp; &nbsp;&nbsp;n\u00e4chstes &gt; Argentum Gleiche hohlgeschliffene Klinge wie beim Zwilling Aurum aber hier kein&nbsp;Parierb\u00fcgel und kein Fingerb\u00fcgel, aber eine von Hand gefeilte Spirale &nbsp;an der Parierstange. Schwertscheiden mit K\u00e4nguruhleder belegt, nat\u00fcrlich mit Holzkern. <a class=\"more-link\" href=\"https:\/\/longsword-longleg.de\/en\/schwert9\">Continue reading <span class=\"screen-reader-text\">  Schwert9<\/span><span class=\"meta-nav\">&rarr;<\/span><\/a><\/p>\n","protected":false},"author":1,"featured_media":0,"parent":0,"menu_order":0,"comment_status":"closed","ping_status":"closed","template":"","meta":{"ngg_post_thumbnail":0,"footnotes":"","_links_to":"","_links_to_target":""},"class_list":["post-321","page","type-page","status-publish","hentry"],"translation":{"provider":"WPGlobus","version":"3.0.2","language":"en","enabled_languages":["de","en"],"languages":{"de":{"title":true,"content":true,"excerpt":false},"en":{"title":false,"content":false,"excerpt":false}}},"_links":{"self":[{"href":"https:\/\/longsword-longleg.de\/en\/wp-json\/wp\/v2\/pages\/321","targetHints":{"allow":["GET"]}}],"collection":[{"href":"https:\/\/longsword-longleg.de\/en\/wp-json\/wp\/v2\/pages"}],"about":[{"href":"https:\/\/longsword-longleg.de\/en\/wp-json\/wp\/v2\/types\/page"}],"author":[{"embeddable":true,"href":"https:\/\/longsword-longleg.de\/en\/wp-json\/wp\/v2\/users\/1"}],"replies":[{"embeddable":true,"href":"https:\/\/longsword-longleg.de\/en\/wp-json\/wp\/v2\/comments?post=321"}],"version-history":[{"count":7,"href":"https:\/\/longsword-longleg.de\/en\/wp-json\/wp\/v2\/pages\/321\/revisions"}],"predecessor-version":[{"id":724,"href":"https:\/\/longsword-longleg.de\/en\/wp-json\/wp\/v2\/pages\/321\/revisions\/724"}],"wp:attachment":[{"href":"https:\/\/longsword-longleg.de\/en\/wp-json\/wp\/v2\/media?parent=321"}],"curies":[{"name":"wp","href":"https:\/\/api.w.org\/{rel}","templated":true}]}}