{"id":319,"date":"2020-08-22T09:19:50","date_gmt":"2020-08-22T09:19:50","guid":{"rendered":"http:\/\/longsword-longleg.de\/?page_id=319"},"modified":"2020-08-27T13:15:20","modified_gmt":"2020-08-27T13:15:20","slug":"schwert8","status":"publish","type":"page","link":"https:\/\/longsword-longleg.de\/en\/schwert8","title":{"rendered":"Schwert8"},"content":{"rendered":"<p style=\"text-align: center;\"><strong><a href=\"https:\/\/longsword-longleg.de\/schwert7\">&lt; zur\u00fcck<\/a>&nbsp; &nbsp; &nbsp; &nbsp; &nbsp;<a href=\"https:\/\/longsword-longleg.de\/swords\">\u00dcbersicht<\/a>&nbsp; &nbsp; &nbsp; &nbsp;&nbsp;<a href=\"https:\/\/longsword-longleg.de\/schwert9\">n\u00e4chstes &gt;<\/a><\/strong><\/p>\n<p style=\"text-align: center;\"><strong><span style=\"font-family: verdana, geneva, sans-serif; font-size: 18pt; color: #993300;\">Aurum<\/span><\/strong><\/p>\n<table style=\"border-collapse: collapse; width: 100%; height: 71px;\">\n<tbody>\n<tr style=\"height: 96px;\">\n<td style=\"width: 50.33898305084746%; height: 71px;\">Aurum und Argentum sind ein Zwillingsp\u00e4rchen geworden, wenn auch nicht eineiig.<br \/>\nSehr leicht und f\u00fchrig und in ihrer Art f\u00fcr einen zivilen Einsatz konzipiert.<br \/>\nAuf der Schwertscheide ist das Johanniterkreuz zu sehen.<br \/>\nWie bei vielen anderen meiner Schwerter auch, sind die Metallteile wie Parierstange,&nbsp;Knauf und Ort- und Mundblech aus Edelstahl.<br \/>\nNicht jedem gef\u00e4llt das, aber es ist wegen der Korrosionsbest\u00e4ndigkeit sehr pflegeleicht.<\/td>\n<td style=\"width: 49.66101694915254%; height: 71px;\"><span style=\"font-family: verdana, geneva, sans-serif;\"><strong>Gewicht: 1.450g<\/strong><\/span><br \/>\n<span style=\"font-family: verdana, geneva, sans-serif;\"><strong>Gesamtl\u00e4nge: 118cm<\/strong><\/span><\/td>\n<\/tr>\n<\/tbody>\n<\/table>\nngg_shortcode_0_placeholder\n","protected":false},"excerpt":{"rendered":"<p>&lt; zur\u00fcck&nbsp; &nbsp; &nbsp; &nbsp; &nbsp;\u00dcbersicht&nbsp; &nbsp; &nbsp; &nbsp;&nbsp;n\u00e4chstes &gt; Aurum Aurum und Argentum sind ein Zwillingsp\u00e4rchen geworden, wenn auch nicht eineiig. Sehr leicht und f\u00fchrig und in ihrer Art f\u00fcr einen zivilen Einsatz konzipiert. Auf der Schwertscheide ist das <a class=\"more-link\" href=\"https:\/\/longsword-longleg.de\/en\/schwert8\">Continue reading <span class=\"screen-reader-text\">  Schwert8<\/span><span class=\"meta-nav\">&rarr;<\/span><\/a><\/p>\n","protected":false},"author":1,"featured_media":0,"parent":0,"menu_order":0,"comment_status":"closed","ping_status":"closed","template":"","meta":{"ngg_post_thumbnail":0,"footnotes":"","_links_to":"","_links_to_target":""},"class_list":["post-319","page","type-page","status-publish","hentry"],"translation":{"provider":"WPGlobus","version":"3.0.2","language":"en","enabled_languages":["de","en"],"languages":{"de":{"title":true,"content":true,"excerpt":false},"en":{"title":false,"content":false,"excerpt":false}}},"_links":{"self":[{"href":"https:\/\/longsword-longleg.de\/en\/wp-json\/wp\/v2\/pages\/319","targetHints":{"allow":["GET"]}}],"collection":[{"href":"https:\/\/longsword-longleg.de\/en\/wp-json\/wp\/v2\/pages"}],"about":[{"href":"https:\/\/longsword-longleg.de\/en\/wp-json\/wp\/v2\/types\/page"}],"author":[{"embeddable":true,"href":"https:\/\/longsword-longleg.de\/en\/wp-json\/wp\/v2\/users\/1"}],"replies":[{"embeddable":true,"href":"https:\/\/longsword-longleg.de\/en\/wp-json\/wp\/v2\/comments?post=319"}],"version-history":[{"count":12,"href":"https:\/\/longsword-longleg.de\/en\/wp-json\/wp\/v2\/pages\/319\/revisions"}],"predecessor-version":[{"id":723,"href":"https:\/\/longsword-longleg.de\/en\/wp-json\/wp\/v2\/pages\/319\/revisions\/723"}],"wp:attachment":[{"href":"https:\/\/longsword-longleg.de\/en\/wp-json\/wp\/v2\/media?parent=319"}],"curies":[{"name":"wp","href":"https:\/\/api.w.org\/{rel}","templated":true}]}}