{"id":317,"date":"2020-08-22T09:19:40","date_gmt":"2020-08-22T09:19:40","guid":{"rendered":"http:\/\/longsword-longleg.de\/?page_id=317"},"modified":"2022-04-20T20:59:09","modified_gmt":"2022-04-20T20:59:09","slug":"schwert7","status":"publish","type":"page","link":"https:\/\/longsword-longleg.de\/en\/schwert7","title":{"rendered":"Schwert7"},"content":{"rendered":"<p style=\"text-align: center;\"><strong><a href=\"https:\/\/longsword-longleg.de\/schwert6\">&lt; zur\u00fcck<\/a>&nbsp; &nbsp; &nbsp; &nbsp; &nbsp;<a href=\"https:\/\/longsword-longleg.de\/swords\">\u00dcbersicht<\/a>&nbsp; &nbsp; &nbsp; &nbsp;&nbsp;<a href=\"https:\/\/longsword-longleg.de\/schwert8\">n\u00e4chstes &gt;<\/a><\/strong><\/p>\n<p style=\"text-align: center;\"><strong><span style=\"font-family: verdana, geneva, sans-serif; font-size: 18pt; color: #993300;\">Langschwert<\/span><\/strong><\/p>\n<table style=\"border-collapse: collapse; width: 100%; height: 71px;\">\n<tbody>\n<tr style=\"height: 96px;\">\n<td style=\"width: 50.33898305084746%; height: 71px;\">-Mach doch mal was 10cm l\u00e4nger\u2026..- war der Startpunkt f\u00fcr dieses Langschwert.<br \/>\nAnspruchsvolle Klingengeometrie mit konkaven zu konvexen \u00dcberg\u00e4ngen.&nbsp;Rochenhaut am Griff, Drahtwicklung und hohlgedrehter Knauf mit zwei Broschen aus Haithabu.<br \/>\nDiese Brosche aus vergoldetem Silber ist eine autorisierte Nachbildung&nbsp;aus dem Hiddenseeschatz, der von den Arch\u00e4ologen dem Vikingerk\u00f6nig Harald Sch\u00f6nhaar<br \/>\nzugeschrieben wird.<br \/>\nDie Schwertscheide ist zweiteilig. Die obere Scheide ist geeignet, um bei Zweihandtechniken&nbsp;auf der Klinge zu bleiben.<\/td>\n<td style=\"width: 49.66101694915254%; height: 71px;\"><strong>Gesamtl\u00e4nge: 146cm<\/strong><br \/>\n<strong>Gewicht: 2.382g<\/strong><br \/>\n<strong>Klingenl\u00e4nge: 110cm<\/strong><br \/>\n<strong>Breite: 5cm<\/strong><br \/>\n<strong>Dicke an der Wurzel: 8mm<\/strong><\/td>\n<\/tr>\n<\/tbody>\n<\/table>\nngg_shortcode_0_placeholder\n","protected":false},"excerpt":{"rendered":"<p>&lt; zur\u00fcck&nbsp; &nbsp; &nbsp; &nbsp; &nbsp;\u00dcbersicht&nbsp; &nbsp; &nbsp; &nbsp;&nbsp;n\u00e4chstes &gt; Langschwert -Mach doch mal was 10cm l\u00e4nger\u2026..- war der Startpunkt f\u00fcr dieses Langschwert. Anspruchsvolle Klingengeometrie mit konkaven zu konvexen \u00dcberg\u00e4ngen.&nbsp;Rochenhaut am Griff, Drahtwicklung und hohlgedrehter Knauf mit zwei Broschen aus <a class=\"more-link\" href=\"https:\/\/longsword-longleg.de\/en\/schwert7\">Continue reading <span class=\"screen-reader-text\">  Schwert7<\/span><span class=\"meta-nav\">&rarr;<\/span><\/a><\/p>\n","protected":false},"author":1,"featured_media":0,"parent":0,"menu_order":0,"comment_status":"closed","ping_status":"closed","template":"","meta":{"ngg_post_thumbnail":0,"footnotes":"","_links_to":"","_links_to_target":""},"class_list":["post-317","page","type-page","status-publish","hentry"],"translation":{"provider":"WPGlobus","version":"3.0.2","language":"en","enabled_languages":["de","en"],"languages":{"de":{"title":true,"content":true,"excerpt":false},"en":{"title":false,"content":false,"excerpt":false}}},"_links":{"self":[{"href":"https:\/\/longsword-longleg.de\/en\/wp-json\/wp\/v2\/pages\/317","targetHints":{"allow":["GET"]}}],"collection":[{"href":"https:\/\/longsword-longleg.de\/en\/wp-json\/wp\/v2\/pages"}],"about":[{"href":"https:\/\/longsword-longleg.de\/en\/wp-json\/wp\/v2\/types\/page"}],"author":[{"embeddable":true,"href":"https:\/\/longsword-longleg.de\/en\/wp-json\/wp\/v2\/users\/1"}],"replies":[{"embeddable":true,"href":"https:\/\/longsword-longleg.de\/en\/wp-json\/wp\/v2\/comments?post=317"}],"version-history":[{"count":9,"href":"https:\/\/longsword-longleg.de\/en\/wp-json\/wp\/v2\/pages\/317\/revisions"}],"predecessor-version":[{"id":1175,"href":"https:\/\/longsword-longleg.de\/en\/wp-json\/wp\/v2\/pages\/317\/revisions\/1175"}],"wp:attachment":[{"href":"https:\/\/longsword-longleg.de\/en\/wp-json\/wp\/v2\/media?parent=317"}],"curies":[{"name":"wp","href":"https:\/\/api.w.org\/{rel}","templated":true}]}}