{"id":315,"date":"2020-08-22T09:19:33","date_gmt":"2020-08-22T09:19:33","guid":{"rendered":"http:\/\/longsword-longleg.de\/?page_id=315"},"modified":"2020-09-03T14:57:19","modified_gmt":"2020-09-03T14:57:19","slug":"schwert6","status":"publish","type":"page","link":"https:\/\/longsword-longleg.de\/en\/schwert6","title":{"rendered":"Schwert6"},"content":{"rendered":"<p style=\"text-align: center;\"><strong><a href=\"https:\/\/longsword-longleg.de\/schwert5\">&lt; zur\u00fcck<\/a>&nbsp; &nbsp; &nbsp; &nbsp; &nbsp;<a href=\"https:\/\/longsword-longleg.de\/swords\">\u00dcbersicht<\/a>&nbsp; &nbsp; &nbsp; &nbsp;&nbsp;<a href=\"https:\/\/longsword-longleg.de\/schwert7\">n\u00e4chstes &gt;<\/a><\/strong><\/p>\n<p style=\"text-align: center;\"><strong><span style=\"font-family: verdana, geneva, sans-serif; font-size: 18pt; color: #993300;\">Typ XIa mit Bremer Wappen<\/span><\/strong><\/p>\n<table style=\"border-collapse: collapse; width: 100%; height: 71px;\">\n<tbody>\n<tr style=\"height: 96px;\">\n<td style=\"width: 50.33898305084746%; height: 71px;\"><span style=\"font-family: verdana, geneva, sans-serif;\">So ein Schwert k\u00f6nnte z.B. der Erzbischof von Bremen Adalbert (1043-1072) sein Eigen&nbsp;genannt haben. In seiner Amtszeit hat Bremen einen wirtschaftlichen Aufschwung erlebt und die junge Stadt ist zu einem Sammelpunkt der V\u00f6lker des Nordens geworden.<\/span><br \/>\n<span style=\"font-family: verdana, geneva, sans-serif;\">Konstruktionsgrundlage ist der GOLDENE SCHNITT.<\/span><br \/>\n<span style=\"font-family: verdana, geneva, sans-serif;\">Die Klinge ist hohlgeschliffen und ein Schnittwunder.<\/span><br \/>\n<span style=\"font-family: verdana, geneva, sans-serif;\">Strau\u00dfenbeinleder am Griff. Sehr widerstandsf\u00e4higes Naturprodukt.<\/span><br \/>\n<span style=\"font-family: verdana, geneva, sans-serif;\">Der lateinische Spruch in der Hohlkehle hei\u00dft:<br \/>\n<em>hirundo maleficis evoltat<\/em>.<\/span><br \/>\n<span style=\"font-family: verdana, geneva, sans-serif;\">Das bedeutet sehr frei \u00fcbersetzt: Wir sind dem B\u00f6sen entronnen.<\/span><\/td>\n<td style=\"width: 49.66101694915254%; height: 71px;\"><span style=\"font-family: verdana, geneva, sans-serif;\"><strong>Gewicht: 1.388g<\/strong><\/span><br \/>\n<span style=\"font-family: verdana, geneva, sans-serif;\"><strong>Klingenl\u00e4nge: 79cm<\/strong><\/span><br \/>\n<span style=\"font-family: verdana, geneva, sans-serif;\"><strong>Breite: 6cm<\/strong><\/span><br \/>\n<span style=\"font-family: verdana, geneva, sans-serif;\"><strong>Griffl\u00e4nge: 21cm <\/strong>(Die Griffl\u00e4nge passt auch zu einem Typ XIIIa.)<\/span><\/td>\n<\/tr>\n<\/tbody>\n<\/table>\nngg_shortcode_0_placeholder\n","protected":false},"excerpt":{"rendered":"<p>&lt; zur\u00fcck&nbsp; &nbsp; &nbsp; &nbsp; &nbsp;\u00dcbersicht&nbsp; &nbsp; &nbsp; &nbsp;&nbsp;n\u00e4chstes &gt; Typ XIa mit Bremer Wappen So ein Schwert k\u00f6nnte z.B. der Erzbischof von Bremen Adalbert (1043-1072) sein Eigen&nbsp;genannt haben. In seiner Amtszeit hat Bremen einen wirtschaftlichen Aufschwung erlebt und die <a class=\"more-link\" href=\"https:\/\/longsword-longleg.de\/en\/schwert6\">Continue reading <span class=\"screen-reader-text\">  Schwert6<\/span><span class=\"meta-nav\">&rarr;<\/span><\/a><\/p>\n","protected":false},"author":1,"featured_media":0,"parent":0,"menu_order":0,"comment_status":"closed","ping_status":"closed","template":"","meta":{"ngg_post_thumbnail":0,"footnotes":"","_links_to":"","_links_to_target":""},"class_list":["post-315","page","type-page","status-publish","hentry"],"translation":{"provider":"WPGlobus","version":"3.0.2","language":"en","enabled_languages":["de","en"],"languages":{"de":{"title":true,"content":true,"excerpt":false},"en":{"title":false,"content":false,"excerpt":false}}},"_links":{"self":[{"href":"https:\/\/longsword-longleg.de\/en\/wp-json\/wp\/v2\/pages\/315","targetHints":{"allow":["GET"]}}],"collection":[{"href":"https:\/\/longsword-longleg.de\/en\/wp-json\/wp\/v2\/pages"}],"about":[{"href":"https:\/\/longsword-longleg.de\/en\/wp-json\/wp\/v2\/types\/page"}],"author":[{"embeddable":true,"href":"https:\/\/longsword-longleg.de\/en\/wp-json\/wp\/v2\/users\/1"}],"replies":[{"embeddable":true,"href":"https:\/\/longsword-longleg.de\/en\/wp-json\/wp\/v2\/comments?post=315"}],"version-history":[{"count":8,"href":"https:\/\/longsword-longleg.de\/en\/wp-json\/wp\/v2\/pages\/315\/revisions"}],"predecessor-version":[{"id":977,"href":"https:\/\/longsword-longleg.de\/en\/wp-json\/wp\/v2\/pages\/315\/revisions\/977"}],"wp:attachment":[{"href":"https:\/\/longsword-longleg.de\/en\/wp-json\/wp\/v2\/media?parent=315"}],"curies":[{"name":"wp","href":"https:\/\/api.w.org\/{rel}","templated":true}]}}