{"id":313,"date":"2020-08-22T09:19:24","date_gmt":"2020-08-22T09:19:24","guid":{"rendered":"http:\/\/longsword-longleg.de\/?page_id=313"},"modified":"2020-08-26T11:11:33","modified_gmt":"2020-08-26T11:11:33","slug":"schwert5","status":"publish","type":"page","link":"https:\/\/longsword-longleg.de\/en\/schwert5","title":{"rendered":"Schwert5"},"content":{"rendered":"<p style=\"text-align: center;\"><strong><a href=\"https:\/\/longsword-longleg.de\/schwert4\">&lt; zur\u00fcck<\/a>&nbsp; &nbsp; &nbsp; &nbsp; &nbsp;<a href=\"https:\/\/longsword-longleg.de\/swords\">\u00dcbersicht<\/a>&nbsp; &nbsp; &nbsp; &nbsp;&nbsp;<a href=\"https:\/\/longsword-longleg.de\/schwert6\">n\u00e4chstes &gt;<\/a><\/strong><\/p>\n<p style=\"text-align: center;\"><strong><span style=\"font-family: verdana, geneva, sans-serif; font-size: 18pt; color: #993300;\">Eppelsheimer<\/span><\/strong><\/p>\n<table style=\"border-collapse: collapse; width: 100%; height: 71px;\">\n<tbody>\n<tr style=\"height: 96px;\">\n<td style=\"width: 50.33898305084746%; height: 71px;\"><span style=\"font-family: verdana, geneva, sans-serif;\">In Anlehnung an den Pappenheimer, der eine Geschichte aus dem<\/span><br \/>\n<span style=\"font-family: verdana, geneva, sans-serif;\">Drei\u00dfigj\u00e4hrigen Krieg zu erz\u00e4hlen hat, hat der Eppelsheimer &#8211; f\u00fcr seine Freunde, die <\/span><br \/>\n<span style=\"font-family: verdana, geneva, sans-serif;\">einen lieben Menschen vermissen &#8211; von einem ganz eigenen Kampf zu erz\u00e4hlen.<\/span><br \/>\n<span style=\"font-family: verdana, geneva, sans-serif;\">Wohl ein Typ XVIIIb mit gotischem Knauf, Hohlschliff und erg\u00e4nzt durch einen Linkehanddolch.<\/span><\/td>\n<td style=\"width: 49.66101694915254%; height: 71px;\"><span style=\"font-family: verdana, geneva, sans-serif;\"><strong>Gesamtgewicht: 1.370g \/ 580g<\/strong><\/span><br \/>\n<span style=\"font-family: verdana, geneva, sans-serif;\"><strong>Klingenl\u00e4nge: 90cm \/ 40cm<\/strong><\/span><br \/>\n<span style=\"font-family: verdana, geneva, sans-serif;\"><strong>Klingenbreite: 4cm \/ 2,8cm<\/strong><\/span><\/td>\n<\/tr>\n<\/tbody>\n<\/table>\nngg_shortcode_0_placeholder\n","protected":false},"excerpt":{"rendered":"<p>&lt; zur\u00fcck&nbsp; &nbsp; &nbsp; &nbsp; &nbsp;\u00dcbersicht&nbsp; &nbsp; &nbsp; &nbsp;&nbsp;n\u00e4chstes &gt; Eppelsheimer In Anlehnung an den Pappenheimer, der eine Geschichte aus dem Drei\u00dfigj\u00e4hrigen Krieg zu erz\u00e4hlen hat, hat der Eppelsheimer &#8211; f\u00fcr seine Freunde, die einen lieben Menschen vermissen &#8211; von <a class=\"more-link\" href=\"https:\/\/longsword-longleg.de\/en\/schwert5\">Continue reading <span class=\"screen-reader-text\">  Schwert5<\/span><span class=\"meta-nav\">&rarr;<\/span><\/a><\/p>\n","protected":false},"author":1,"featured_media":0,"parent":0,"menu_order":0,"comment_status":"closed","ping_status":"closed","template":"","meta":{"ngg_post_thumbnail":0,"footnotes":"","_links_to":"","_links_to_target":""},"class_list":["post-313","page","type-page","status-publish","hentry"],"translation":{"provider":"WPGlobus","version":"3.0.2","language":"en","enabled_languages":["de","en"],"languages":{"de":{"title":true,"content":true,"excerpt":false},"en":{"title":false,"content":false,"excerpt":false}}},"_links":{"self":[{"href":"https:\/\/longsword-longleg.de\/en\/wp-json\/wp\/v2\/pages\/313","targetHints":{"allow":["GET"]}}],"collection":[{"href":"https:\/\/longsword-longleg.de\/en\/wp-json\/wp\/v2\/pages"}],"about":[{"href":"https:\/\/longsword-longleg.de\/en\/wp-json\/wp\/v2\/types\/page"}],"author":[{"embeddable":true,"href":"https:\/\/longsword-longleg.de\/en\/wp-json\/wp\/v2\/users\/1"}],"replies":[{"embeddable":true,"href":"https:\/\/longsword-longleg.de\/en\/wp-json\/wp\/v2\/comments?post=313"}],"version-history":[{"count":6,"href":"https:\/\/longsword-longleg.de\/en\/wp-json\/wp\/v2\/pages\/313\/revisions"}],"predecessor-version":[{"id":636,"href":"https:\/\/longsword-longleg.de\/en\/wp-json\/wp\/v2\/pages\/313\/revisions\/636"}],"wp:attachment":[{"href":"https:\/\/longsword-longleg.de\/en\/wp-json\/wp\/v2\/media?parent=313"}],"curies":[{"name":"wp","href":"https:\/\/api.w.org\/{rel}","templated":true}]}}