{"id":311,"date":"2020-08-22T09:19:12","date_gmt":"2020-08-22T09:19:12","guid":{"rendered":"http:\/\/longsword-longleg.de\/?page_id=311"},"modified":"2020-08-26T11:08:54","modified_gmt":"2020-08-26T11:08:54","slug":"schwert4","status":"publish","type":"page","link":"https:\/\/longsword-longleg.de\/en\/schwert4","title":{"rendered":"Schwert4"},"content":{"rendered":"<p style=\"text-align: center;\"><strong><a href=\"https:\/\/longsword-longleg.de\/schwert3\">&lt; zur\u00fcck<\/a>&nbsp; &nbsp; &nbsp; &nbsp; &nbsp;<a href=\"https:\/\/longsword-longleg.de\/swords\">\u00dcbersicht<\/a>&nbsp; &nbsp; &nbsp; &nbsp;&nbsp;<a href=\"https:\/\/longsword-longleg.de\/schwert5\">n\u00e4chstes &gt;<\/a><\/strong><\/p>\n<p style=\"text-align: center;\"><strong><span style=\"font-family: verdana, geneva, sans-serif; font-size: 18pt; color: #993300;\">Scramasax<\/span><\/strong><\/p>\n<table style=\"border-collapse: collapse; width: 100%; height: 96px;\">\n<tbody>\n<tr style=\"height: 96px;\">\n<td style=\"width: 50.33898305084746%; height: 96px;\"><span style=\"font-family: verdana, geneva, sans-serif;\">Mal wieder aus einer Laune heraus\u2026..<\/span><br \/>\n<span style=\"font-family: verdana, geneva, sans-serif;\">Eine hohlgeschliffene Saxklinge kombiniert mit einem bronzenen <\/span><br \/>\n<span style=\"font-family: verdana, geneva, sans-serif;\">Habaki (Klingenzwinge).<\/span><br \/>\n<span style=\"font-family: verdana, geneva, sans-serif;\">Die Verbindung aus \u00f6stlicher und westlicher Designkultur.<\/span><br \/>\n<span style=\"font-family: verdana, geneva, sans-serif;\">Ein Griff aus naturbelassenem Walro\u00dfsto\u00dfzahn.<\/span><\/td>\n<td style=\"width: 49.66101694915254%; height: 96px;\"><span style=\"font-family: verdana, geneva, sans-serif;\"><strong>L\u00e4nge: 53cm<\/strong><\/span><br \/>\n<span style=\"font-family: verdana, geneva, sans-serif;\"><strong>Gewicht: 721g<\/strong><\/span><\/td>\n<\/tr>\n<\/tbody>\n<\/table>\nngg_shortcode_0_placeholder\n","protected":false},"excerpt":{"rendered":"<p>&lt; zur\u00fcck&nbsp; &nbsp; &nbsp; &nbsp; &nbsp;\u00dcbersicht&nbsp; &nbsp; &nbsp; &nbsp;&nbsp;n\u00e4chstes &gt; Scramasax Mal wieder aus einer Laune heraus\u2026.. Eine hohlgeschliffene Saxklinge kombiniert mit einem bronzenen Habaki (Klingenzwinge). Die Verbindung aus \u00f6stlicher und westlicher Designkultur. Ein Griff aus naturbelassenem Walro\u00dfsto\u00dfzahn. L\u00e4nge: 53cm <a class=\"more-link\" href=\"https:\/\/longsword-longleg.de\/en\/schwert4\">Continue reading <span class=\"screen-reader-text\">  Schwert4<\/span><span class=\"meta-nav\">&rarr;<\/span><\/a><\/p>\n","protected":false},"author":1,"featured_media":0,"parent":0,"menu_order":0,"comment_status":"closed","ping_status":"closed","template":"","meta":{"ngg_post_thumbnail":0,"footnotes":"","_links_to":"","_links_to_target":""},"class_list":["post-311","page","type-page","status-publish","hentry"],"translation":{"provider":"WPGlobus","version":"3.0.2","language":"en","enabled_languages":["de","en"],"languages":{"de":{"title":true,"content":true,"excerpt":false},"en":{"title":false,"content":false,"excerpt":false}}},"_links":{"self":[{"href":"https:\/\/longsword-longleg.de\/en\/wp-json\/wp\/v2\/pages\/311","targetHints":{"allow":["GET"]}}],"collection":[{"href":"https:\/\/longsword-longleg.de\/en\/wp-json\/wp\/v2\/pages"}],"about":[{"href":"https:\/\/longsword-longleg.de\/en\/wp-json\/wp\/v2\/types\/page"}],"author":[{"embeddable":true,"href":"https:\/\/longsword-longleg.de\/en\/wp-json\/wp\/v2\/users\/1"}],"replies":[{"embeddable":true,"href":"https:\/\/longsword-longleg.de\/en\/wp-json\/wp\/v2\/comments?post=311"}],"version-history":[{"count":9,"href":"https:\/\/longsword-longleg.de\/en\/wp-json\/wp\/v2\/pages\/311\/revisions"}],"predecessor-version":[{"id":635,"href":"https:\/\/longsword-longleg.de\/en\/wp-json\/wp\/v2\/pages\/311\/revisions\/635"}],"wp:attachment":[{"href":"https:\/\/longsword-longleg.de\/en\/wp-json\/wp\/v2\/media?parent=311"}],"curies":[{"name":"wp","href":"https:\/\/api.w.org\/{rel}","templated":true}]}}