{"id":1078,"date":"2022-04-15T12:11:19","date_gmt":"2022-04-15T12:11:19","guid":{"rendered":"https:\/\/longsword-longleg.de\/?page_id=1078"},"modified":"2022-04-15T12:57:32","modified_gmt":"2022-04-15T12:57:32","slug":"schwert26","status":"publish","type":"page","link":"https:\/\/longsword-longleg.de\/en\/schwert26","title":{"rendered":"Schwert26"},"content":{"rendered":"<p style=\"text-align: center;\"><strong><a href=\"https:\/\/longsword-longleg.de\/schwert25\">&lt; zur\u00fcck<\/a>&nbsp; &nbsp; &nbsp; &nbsp; &nbsp;<a href=\"https:\/\/longsword-longleg.de\/swords\">\u00dcbersicht<\/a>&nbsp; &nbsp; &nbsp; &nbsp;&nbsp;n\u00e4chstes &gt;<\/strong><\/p>\n<p style=\"text-align: center;\"><span style=\"font-family: verdana, geneva, sans-serif; font-size: 18pt; color: #800000;\"><strong>Mangual<\/strong><\/span><\/p>\n<table style=\"border-collapse: collapse; width: 100%; height: 71px;\">\n<tbody>\n<tr style=\"height: 96px;\">\n<td style=\"width: 50.33898305084746%; height: 71px;\">\n<p style=\"font-weight: 400;\">Das span. Mangual (\u00fcbersetzt Flegel) wird in eine enge&nbsp;Verwandtschaft&nbsp;zum Montante gesetzt. \u00c4hnlich lang, \u00e4hnlich schwer und vergleichbarer Einsatz.<br \/>\nDie Situation im Kampf ist nach meiner eigenen Einsch\u00e4tzung f\u00fcr den\/die&nbsp;Angreifer und f\u00fcr den &#8211; der die Wuchtwaffe unge\u00fcbt schwingt &nbsp;&#8211; gleichbedeutend&nbsp;prek\u00e4r und&nbsp;u.U.&nbsp;t\u00f6dlich.<\/p>\n<\/td>\n<td style=\"width: 49.66101694915254%; height: 71px;\">\n<div><b>Gewicht &nbsp;&nbsp;2.720g<br \/>\nGesamtl\u00e4nge 190cm<br \/>\nGriffl\u00e4nge &nbsp;90cm<\/b><\/div>\n<\/td>\n<\/tr>\n<\/tbody>\n<\/table>\nngg_shortcode_0_placeholder\n","protected":false},"excerpt":{"rendered":"<p>&lt; zur\u00fcck&nbsp; &nbsp; &nbsp; &nbsp; &nbsp;\u00dcbersicht&nbsp; &nbsp; &nbsp; &nbsp;&nbsp;n\u00e4chstes &gt; Mangual Das span. Mangual (\u00fcbersetzt Flegel) wird in eine enge&nbsp;Verwandtschaft&nbsp;zum Montante gesetzt. \u00c4hnlich lang, \u00e4hnlich schwer und vergleichbarer Einsatz. Die Situation im Kampf ist nach meiner eigenen Einsch\u00e4tzung f\u00fcr den\/die&nbsp;Angreifer <a class=\"more-link\" href=\"https:\/\/longsword-longleg.de\/en\/schwert26\">Continue reading <span class=\"screen-reader-text\">  Schwert26<\/span><span class=\"meta-nav\">&rarr;<\/span><\/a><\/p>\n","protected":false},"author":1,"featured_media":0,"parent":0,"menu_order":0,"comment_status":"closed","ping_status":"closed","template":"","meta":{"ngg_post_thumbnail":0,"footnotes":"","_links_to":"","_links_to_target":""},"class_list":["post-1078","page","type-page","status-publish","hentry"],"translation":{"provider":"WPGlobus","version":"3.0.2","language":"en","enabled_languages":["de","en"],"languages":{"de":{"title":true,"content":true,"excerpt":false},"en":{"title":false,"content":false,"excerpt":false}}},"_links":{"self":[{"href":"https:\/\/longsword-longleg.de\/en\/wp-json\/wp\/v2\/pages\/1078","targetHints":{"allow":["GET"]}}],"collection":[{"href":"https:\/\/longsword-longleg.de\/en\/wp-json\/wp\/v2\/pages"}],"about":[{"href":"https:\/\/longsword-longleg.de\/en\/wp-json\/wp\/v2\/types\/page"}],"author":[{"embeddable":true,"href":"https:\/\/longsword-longleg.de\/en\/wp-json\/wp\/v2\/users\/1"}],"replies":[{"embeddable":true,"href":"https:\/\/longsword-longleg.de\/en\/wp-json\/wp\/v2\/comments?post=1078"}],"version-history":[{"count":4,"href":"https:\/\/longsword-longleg.de\/en\/wp-json\/wp\/v2\/pages\/1078\/revisions"}],"predecessor-version":[{"id":1142,"href":"https:\/\/longsword-longleg.de\/en\/wp-json\/wp\/v2\/pages\/1078\/revisions\/1142"}],"wp:attachment":[{"href":"https:\/\/longsword-longleg.de\/en\/wp-json\/wp\/v2\/media?parent=1078"}],"curies":[{"name":"wp","href":"https:\/\/api.w.org\/{rel}","templated":true}]}}