{"id":1076,"date":"2022-04-15T12:10:56","date_gmt":"2022-04-15T12:10:56","guid":{"rendered":"https:\/\/longsword-longleg.de\/?page_id=1076"},"modified":"2022-04-20T13:05:54","modified_gmt":"2022-04-20T13:05:54","slug":"schwert25","status":"publish","type":"page","link":"https:\/\/longsword-longleg.de\/en\/schwert25","title":{"rendered":"Schwert25"},"content":{"rendered":"<p style=\"text-align: center;\"><strong><a href=\"https:\/\/longsword-longleg.de\/schwert24\">&lt; zur\u00fcck<\/a>&nbsp; &nbsp; &nbsp; &nbsp; &nbsp;<a href=\"https:\/\/longsword-longleg.de\/swords\">\u00dcbersicht<\/a>&nbsp; &nbsp; &nbsp; &nbsp;&nbsp;<a href=\"https:\/\/longsword-longleg.de\/schwert26\">n\u00e4chstes &gt;<\/a><\/strong><\/p>\n<p style=\"text-align: center;\"><span style=\"font-family: verdana, geneva, sans-serif; font-size: 18pt; color: #800000;\"><strong>Helmbarte<\/strong><\/span><\/p>\n<table style=\"border-collapse: collapse; width: 100%; height: 71px;\">\n<tbody>\n<tr style=\"height: 96px;\">\n<td style=\"width: 50.33898305084746%; height: 71px;\">\n<p style=\"font-weight: 400;\">Das Vorbild f\u00fcr diese Hellebarde wird bei einem bekannten H\u00e4ndler f\u00fcr mittelalterliche Waffen unter der Bezeichnung: Helmbarte, deutsch um 1550 &#8211;&nbsp;&nbsp;angeboten.<br \/>\nBeilklinge, gebogener Haken und als besonderes Merkmal die lange Sto\u00dfklinge.<br \/>\nLange B\u00e4nder (Schaftfedern) und&nbsp;Endpike ist Kundenwunsch.<\/p>\n<\/td>\n<td style=\"width: 49.66101694915254%; height: 71px;\">\n<div>\n<p><b>Gesamtl\u00e4nge ca. 2.800mm<br \/>\nGewicht &nbsp;ca. 3,9kg<\/b><\/p>\n<\/div>\n<\/td>\n<\/tr>\n<\/tbody>\n<\/table>\nngg_shortcode_0_placeholder\n","protected":false},"excerpt":{"rendered":"<p>&lt; zur\u00fcck&nbsp; &nbsp; &nbsp; &nbsp; &nbsp;\u00dcbersicht&nbsp; &nbsp; &nbsp; &nbsp;&nbsp;n\u00e4chstes &gt; Helmbarte Das Vorbild f\u00fcr diese Hellebarde wird bei einem bekannten H\u00e4ndler f\u00fcr mittelalterliche Waffen unter der Bezeichnung: Helmbarte, deutsch um 1550 &#8211;&nbsp;&nbsp;angeboten. Beilklinge, gebogener Haken und als besonderes Merkmal die <a class=\"more-link\" href=\"https:\/\/longsword-longleg.de\/en\/schwert25\">Continue reading <span class=\"screen-reader-text\">  Schwert25<\/span><span class=\"meta-nav\">&rarr;<\/span><\/a><\/p>\n","protected":false},"author":1,"featured_media":0,"parent":0,"menu_order":0,"comment_status":"closed","ping_status":"closed","template":"","meta":{"ngg_post_thumbnail":0,"footnotes":"","_links_to":"","_links_to_target":""},"class_list":["post-1076","page","type-page","status-publish","hentry"],"translation":{"provider":"WPGlobus","version":"3.0.2","language":"en","enabled_languages":["de","en"],"languages":{"de":{"title":true,"content":true,"excerpt":false},"en":{"title":false,"content":false,"excerpt":false}}},"_links":{"self":[{"href":"https:\/\/longsword-longleg.de\/en\/wp-json\/wp\/v2\/pages\/1076","targetHints":{"allow":["GET"]}}],"collection":[{"href":"https:\/\/longsword-longleg.de\/en\/wp-json\/wp\/v2\/pages"}],"about":[{"href":"https:\/\/longsword-longleg.de\/en\/wp-json\/wp\/v2\/types\/page"}],"author":[{"embeddable":true,"href":"https:\/\/longsword-longleg.de\/en\/wp-json\/wp\/v2\/users\/1"}],"replies":[{"embeddable":true,"href":"https:\/\/longsword-longleg.de\/en\/wp-json\/wp\/v2\/comments?post=1076"}],"version-history":[{"count":5,"href":"https:\/\/longsword-longleg.de\/en\/wp-json\/wp\/v2\/pages\/1076\/revisions"}],"predecessor-version":[{"id":1167,"href":"https:\/\/longsword-longleg.de\/en\/wp-json\/wp\/v2\/pages\/1076\/revisions\/1167"}],"wp:attachment":[{"href":"https:\/\/longsword-longleg.de\/en\/wp-json\/wp\/v2\/media?parent=1076"}],"curies":[{"name":"wp","href":"https:\/\/api.w.org\/{rel}","templated":true}]}}