{"id":1074,"date":"2022-04-15T12:10:38","date_gmt":"2022-04-15T12:10:38","guid":{"rendered":"https:\/\/longsword-longleg.de\/?page_id=1074"},"modified":"2022-04-15T12:53:56","modified_gmt":"2022-04-15T12:53:56","slug":"schwert24","status":"publish","type":"page","link":"https:\/\/longsword-longleg.de\/en\/schwert24","title":{"rendered":"Schwert24"},"content":{"rendered":"<p style=\"text-align: center;\"><strong><a href=\"https:\/\/longsword-longleg.de\/schwert23\">&lt; zur\u00fcck<\/a>&nbsp; &nbsp; &nbsp; &nbsp; &nbsp;<a href=\"https:\/\/longsword-longleg.de\/swords\">\u00dcbersicht<\/a>&nbsp; &nbsp; &nbsp; &nbsp;&nbsp;<a href=\"https:\/\/longsword-longleg.de\/schwert25\">n\u00e4chstes &gt;<\/a><\/strong><\/p>\n<p style=\"text-align: center;\"><span style=\"font-family: verdana, geneva, sans-serif; font-size: 18pt; color: #800000;\"><strong>Montante&nbsp;(scharf und blunt)<\/strong><\/span><\/p>\n<table style=\"border-collapse: collapse; width: 100%; height: 71px;\">\n<tbody>\n<tr style=\"height: 96px;\">\n<td style=\"width: 50.33898305084746%; height: 71px;\">\n<p style=\"font-weight: 400;\">Wenn man das Attribut&nbsp;\u201eschlichte Eleganz\u201c auf ein Schwert anwenden will&nbsp;dann unbedingt hier.<br \/>\nDiese beiden fast identischen Schwerter&nbsp;verk\u00f6rpern f\u00fcr mich absolute Formvollendung&nbsp;und perfekte Performance in Einem!<br \/>\nDas Original befindet sich in einem Museum in Cleveland und&nbsp;wurde mir &nbsp;&#8211; von einem&nbsp;der es wirklich beurteilen kann &#8211; &nbsp;empfohlen! Danke Jan<br \/>\nIch&nbsp;wollte ein Montante zum Schneiden. Es zeigten sich \u00fcberraschende Erkenntnisse.<br \/>\nUnd ein \u00dcbungsmontante, da\u00df um den Preis von ca 30g mehr einen um 3cm verschoben&nbsp;PoB &#8211; zum scharfen, hieborientierten Montante &#8211; &nbsp;ausweist.<\/p>\n<\/td>\n<td style=\"width: 49.66101694915254%; height: 71px;\">\n<div>\n<p><b>Gewicht &nbsp;2.966g\/3.009g<br \/>\nGesamtl\u00e4nge &nbsp;183cm<br \/>\nKlingenl\u00e4nge &nbsp;136cm (incl. Ricasso)<br \/>\nGriffl\u00e4nge &nbsp;47cm<br \/>\nKlingenbreite unterhalb Ricasso 4.2cm\/3cm<br \/>\n(die blunt-Version ist zum Ort etwas schlanker)<br \/>\nKlingendicke &nbsp;8mm\/2.9mm<br \/>\nPoB &nbsp;11cm\/8cm<\/b><\/p>\n<\/div>\n<\/td>\n<\/tr>\n<\/tbody>\n<\/table>\nngg_shortcode_0_placeholder\n","protected":false},"excerpt":{"rendered":"<p>&lt; zur\u00fcck&nbsp; &nbsp; &nbsp; &nbsp; &nbsp;\u00dcbersicht&nbsp; &nbsp; &nbsp; &nbsp;&nbsp;n\u00e4chstes &gt; Montante&nbsp;(scharf und blunt) Wenn man das Attribut&nbsp;\u201eschlichte Eleganz\u201c auf ein Schwert anwenden will&nbsp;dann unbedingt hier. Diese beiden fast identischen Schwerter&nbsp;verk\u00f6rpern f\u00fcr mich absolute Formvollendung&nbsp;und perfekte Performance in Einem! Das Original <a class=\"more-link\" href=\"https:\/\/longsword-longleg.de\/en\/schwert24\">Continue reading <span class=\"screen-reader-text\">  Schwert24<\/span><span class=\"meta-nav\">&rarr;<\/span><\/a><\/p>\n","protected":false},"author":1,"featured_media":0,"parent":0,"menu_order":0,"comment_status":"closed","ping_status":"closed","template":"","meta":{"ngg_post_thumbnail":0,"footnotes":"","_links_to":"","_links_to_target":""},"class_list":["post-1074","page","type-page","status-publish","hentry"],"translation":{"provider":"WPGlobus","version":"3.0.2","language":"en","enabled_languages":["de","en"],"languages":{"de":{"title":true,"content":true,"excerpt":false},"en":{"title":false,"content":false,"excerpt":false}}},"_links":{"self":[{"href":"https:\/\/longsword-longleg.de\/en\/wp-json\/wp\/v2\/pages\/1074","targetHints":{"allow":["GET"]}}],"collection":[{"href":"https:\/\/longsword-longleg.de\/en\/wp-json\/wp\/v2\/pages"}],"about":[{"href":"https:\/\/longsword-longleg.de\/en\/wp-json\/wp\/v2\/types\/page"}],"author":[{"embeddable":true,"href":"https:\/\/longsword-longleg.de\/en\/wp-json\/wp\/v2\/users\/1"}],"replies":[{"embeddable":true,"href":"https:\/\/longsword-longleg.de\/en\/wp-json\/wp\/v2\/comments?post=1074"}],"version-history":[{"count":6,"href":"https:\/\/longsword-longleg.de\/en\/wp-json\/wp\/v2\/pages\/1074\/revisions"}],"predecessor-version":[{"id":1130,"href":"https:\/\/longsword-longleg.de\/en\/wp-json\/wp\/v2\/pages\/1074\/revisions\/1130"}],"wp:attachment":[{"href":"https:\/\/longsword-longleg.de\/en\/wp-json\/wp\/v2\/media?parent=1074"}],"curies":[{"name":"wp","href":"https:\/\/api.w.org\/{rel}","templated":true}]}}