{"id":1072,"date":"2022-04-15T12:10:12","date_gmt":"2022-04-15T12:10:12","guid":{"rendered":"https:\/\/longsword-longleg.de\/?page_id=1072"},"modified":"2022-04-20T13:26:45","modified_gmt":"2022-04-20T13:26:45","slug":"schwert23","status":"publish","type":"page","link":"https:\/\/longsword-longleg.de\/en\/schwert23","title":{"rendered":"Schwert23"},"content":{"rendered":"<p style=\"text-align: center;\"><strong><a href=\"https:\/\/longsword-longleg.de\/schwert22\">&lt; zur\u00fcck<\/a>&nbsp; &nbsp; &nbsp; &nbsp; &nbsp;<a href=\"https:\/\/longsword-longleg.de\/swords\">\u00dcbersicht<\/a>&nbsp; &nbsp; &nbsp; &nbsp;&nbsp;<a href=\"https:\/\/longsword-longleg.de\/schwert24\">n\u00e4chstes &gt;<\/a><\/strong><\/p>\n<p style=\"text-align: center;\"><span style=\"font-family: verdana, geneva, sans-serif; font-size: 18pt; color: #800000;\"><strong>Fr\u00fches deutsches Schlachtschwert<\/strong><\/span><\/p>\n<table style=\"border-collapse: collapse; width: 100%; height: 71px;\">\n<tbody>\n<tr style=\"height: 96px;\">\n<td style=\"width: 50.33898305084746%; height: 71px;\">\n<p style=\"font-weight: 400;\">Was aussieht wie ein zu gro\u00df geratener Katzbalger, ist in der Entwicklungsgeschichte der Schwerttechnik wohl als experimenteller Zwischenschritt zum gro\u00dfen Schlachtschwert anzusehen. Nur wenige Originale, die nicht als Nachbauten anzusehen sind bekannt und dokumentiert. Weniger als 10St\u00fcck!<\/p>\n<p style=\"font-weight: 400;\">Die Wirkung der Klinge ist brachial. Mit der&nbsp;Halbscheide im Bereich des Ricasso werden&nbsp;differenzierte Zweihandtechniken m\u00f6glich.<\/p>\n<p style=\"font-weight: 400;\">Wer hier vertiefend nachlesen will kann das hier tun:<br \/>\n<a href=\"https:\/\/ddhf.de\/forschung-und-wissen\/die-verwendung-des-deutschen-schlachtschwertes-des-spaeten-16-und-fruehen-17-jahrhunderts\/\">Die Verwendung des deutschen Schlachtschwertes des sp\u00e4ten 16. und fr\u00fchen 17. Jahrhunderts<\/a><\/p>\n<\/td>\n<td style=\"width: 49.66101694915254%; height: 71px;\">\n<div><b>Gewicht &nbsp;3.804g (mit Handschutz 3.925g)<br \/>\nGesamtl\u00e4nge &nbsp;170cm<br \/>\nKlingenl\u00e4nge &nbsp;122cm<br \/>\nGriffl\u00e4nge &nbsp;48cm<br \/>\nKlingenbreite &nbsp;durchgehend 5cm<br \/>\nKlingendicke &nbsp;8mm\/2,5mm<br \/>\nPoB &nbsp;9cm<\/b><\/div>\n<\/td>\n<\/tr>\n<\/tbody>\n<\/table>\nngg_shortcode_0_placeholder\n","protected":false},"excerpt":{"rendered":"<p>&lt; zur\u00fcck&nbsp; &nbsp; &nbsp; &nbsp; &nbsp;\u00dcbersicht&nbsp; &nbsp; &nbsp; &nbsp;&nbsp;n\u00e4chstes &gt; Fr\u00fches deutsches Schlachtschwert Was aussieht wie ein zu gro\u00df geratener Katzbalger, ist in der Entwicklungsgeschichte der Schwerttechnik wohl als experimenteller Zwischenschritt zum gro\u00dfen Schlachtschwert anzusehen. Nur wenige Originale, die nicht <a class=\"more-link\" href=\"https:\/\/longsword-longleg.de\/en\/schwert23\">Continue reading <span class=\"screen-reader-text\">  Schwert23<\/span><span class=\"meta-nav\">&rarr;<\/span><\/a><\/p>\n","protected":false},"author":1,"featured_media":0,"parent":0,"menu_order":0,"comment_status":"closed","ping_status":"closed","template":"","meta":{"ngg_post_thumbnail":0,"footnotes":"","_links_to":"","_links_to_target":""},"class_list":["post-1072","page","type-page","status-publish","hentry"],"translation":{"provider":"WPGlobus","version":"3.0.2","language":"en","enabled_languages":["de","en"],"languages":{"de":{"title":true,"content":true,"excerpt":false},"en":{"title":false,"content":false,"excerpt":false}}},"_links":{"self":[{"href":"https:\/\/longsword-longleg.de\/en\/wp-json\/wp\/v2\/pages\/1072","targetHints":{"allow":["GET"]}}],"collection":[{"href":"https:\/\/longsword-longleg.de\/en\/wp-json\/wp\/v2\/pages"}],"about":[{"href":"https:\/\/longsword-longleg.de\/en\/wp-json\/wp\/v2\/types\/page"}],"author":[{"embeddable":true,"href":"https:\/\/longsword-longleg.de\/en\/wp-json\/wp\/v2\/users\/1"}],"replies":[{"embeddable":true,"href":"https:\/\/longsword-longleg.de\/en\/wp-json\/wp\/v2\/comments?post=1072"}],"version-history":[{"count":13,"href":"https:\/\/longsword-longleg.de\/en\/wp-json\/wp\/v2\/pages\/1072\/revisions"}],"predecessor-version":[{"id":1172,"href":"https:\/\/longsword-longleg.de\/en\/wp-json\/wp\/v2\/pages\/1072\/revisions\/1172"}],"wp:attachment":[{"href":"https:\/\/longsword-longleg.de\/en\/wp-json\/wp\/v2\/media?parent=1072"}],"curies":[{"name":"wp","href":"https:\/\/api.w.org\/{rel}","templated":true}]}}